{"id":592,"date":"2025-12-16T00:35:25","date_gmt":"2025-12-15T23:35:25","guid":{"rendered":"https:\/\/www.agrivoltages.eu\/?page_id=592"},"modified":"2025-12-16T00:35:26","modified_gmt":"2025-12-15T23:35:26","slug":"agrivoltages","status":"publish","type":"page","link":"https:\/\/www.agrivoltages.eu\/index.php\/tr\/agrivoltages\/","title":{"rendered":"AgriVOLTages"},"content":{"rendered":"\n<h4 class=\"wp-block-heading has-text-align-left\"><em>Mesleki E\u011fitim ve \u00d6\u011fretimde S\u00fcrd\u00fcr\u00fclebilir Tar\u0131m ve Yenilenebilir Enerji Entegrasyonu i\u00e7in Agrivoltaik<\/em><\/h4>\n\n\n\n<p class=\"wp-block-paragraph\">AgriVOLTages, yapay zeka destekli \u00f6\u011frenme, yenilenebilir enerji uygulamalar\u0131 ve iklim-ak\u0131ll\u0131 tar\u0131m uygulamalar\u0131n\u0131 entegre ederek agrivoltaik sekt\u00f6r\u00fcnde mesleki e\u011fitim ve \u00f6\u011fretimi modernize etmeyi ama\u00e7lamaktad\u0131r.<\/p>\n\n\n\n<h5 class=\"wp-block-heading\"><em>Proje numaras\u0131<\/em>: 2025-1-PL01-KA220-VET-000364027<\/h5>\n\n\n\n<h5 class=\"wp-block-heading\"><em>Proje Ba\u015flang\u0131\u00e7 Tarihi<\/em>: 01\/10\/2025<\/h5>\n\n\n\n<h5 class=\"wp-block-heading\"><em>Proje s\u00fcresi<\/em>: 24 months<\/h5>\n\n\n\n<h5 class=\"wp-block-heading\"><em>Proje biti\u015f tarihi<\/em>: 30\/09\/2027<\/h5>\n\n\n\n<div style=\"height:13px\" aria-hidden=\"true\" class=\"wp-block-spacer\"><\/div>\n\n\n\n<p class=\"wp-block-paragraph\">AgriVOLTages projesi \u015funlar\u0131 sa\u011flayacakt\u0131r:<\/p>\n\n\n\n<h5 class=\"wp-block-heading\">\u2013 Sistem kurulumu, bak\u0131m ve enerji optimizasyonunu sim\u00fcle eden 12 agrivoltaik e\u011fitim mod\u00fcl\u00fc;<\/h5>\n\n\n\n<h5 class=\"wp-block-heading\"><br>\u2013 12 VR tabanl\u0131 sim\u00fclasyon;<\/h5>\n\n\n\n<h5 class=\"wp-block-heading\"><br>\u2013 \u00c7ift\u00e7ilere fizibilite de\u011ferlendirmeleri ve agrivoltaik benimsemede yard\u0131mc\u0131 olmak i\u00e7in yapay zeka destekli bir karar destek arac\u0131;<\/h5>\n\n\n\n<h5 class=\"wp-block-heading\"><br>\u2013 Etkile\u015fimli, \u00e7ok dilli agrivoltaik e\u011fitim ve bilgi al\u0131\u015fveri\u015fi i\u00e7in bir Hibrit \u00d6\u011frenme A\u011f\u0131;<\/h5>\n\n\n\n<h5 class=\"wp-block-heading\"><br>\u2013 Sekt\u00f6r \u00e7ap\u0131nda benimsemeyi te\u015fvik etmek i\u00e7in 6 ulusal e\u011fitim etkinli\u011fi, 7 \u00e7o\u011falt\u0131c\u0131 etkinlik ve 1 AB \u00e7ap\u0131nda konferans.<\/h5>\n\n\n\n<p class=\"wp-block-paragraph\"><\/p>\n","protected":false},"excerpt":{"rendered":"<p>Mesleki E\u011fitim ve \u00d6\u011fretimde S\u00fcrd\u00fcr\u00fclebilir Tar\u0131m ve Yenilenebilir Enerji Entegrasyonu i\u00e7in Agrivoltaik AgriVOLTages, yapay zeka destekli \u00f6\u011frenme, yenilenebilir enerji uygulamalar\u0131 ve iklim-ak\u0131ll\u0131 tar\u0131m uygulamalar\u0131n\u0131 entegre ederek agrivoltaik sekt\u00f6r\u00fcnde mesleki e\u011fitim ve \u00f6\u011fretimi modernize etmeyi ama\u00e7lamaktad\u0131r. Proje numaras\u0131: 2025-1-PL01-KA220-VET-000364027 Proje Ba\u015flang\u0131\u00e7 Tarihi: 01\/10\/2025 Proje s\u00fcresi: 24 months Proje biti\u015f tarihi: 30\/09\/2027 AgriVOLTages projesi \u015funlar\u0131 sa\u011flayacakt\u0131r: \u2013 [&hellip;]<\/p>\n","protected":false},"author":3,"featured_media":0,"parent":0,"menu_order":0,"comment_status":"closed","ping_status":"closed","template":"","meta":{"_crdt_document":"","footnotes":""},"class_list":["post-592","page","type-page","status-publish","hentry"],"_links":{"self":[{"href":"https:\/\/www.agrivoltages.eu\/index.php\/wp-json\/wp\/v2\/pages\/592","targetHints":{"allow":["GET"]}}],"collection":[{"href":"https:\/\/www.agrivoltages.eu\/index.php\/wp-json\/wp\/v2\/pages"}],"about":[{"href":"https:\/\/www.agrivoltages.eu\/index.php\/wp-json\/wp\/v2\/types\/page"}],"author":[{"embeddable":true,"href":"https:\/\/www.agrivoltages.eu\/index.php\/wp-json\/wp\/v2\/users\/3"}],"replies":[{"embeddable":true,"href":"https:\/\/www.agrivoltages.eu\/index.php\/wp-json\/wp\/v2\/comments?post=592"}],"version-history":[{"count":1,"href":"https:\/\/www.agrivoltages.eu\/index.php\/wp-json\/wp\/v2\/pages\/592\/revisions"}],"predecessor-version":[{"id":593,"href":"https:\/\/www.agrivoltages.eu\/index.php\/wp-json\/wp\/v2\/pages\/592\/revisions\/593"}],"wp:attachment":[{"href":"https:\/\/www.agrivoltages.eu\/index.php\/wp-json\/wp\/v2\/media?parent=592"}],"curies":[{"name":"wp","href":"https:\/\/api.w.org\/{rel}","templated":true}]}}