{"id":527,"date":"2025-12-15T22:39:18","date_gmt":"2025-12-15T21:39:18","guid":{"rendered":"https:\/\/www.agrivoltages.eu\/?page_id=527"},"modified":"2025-12-15T22:39:18","modified_gmt":"2025-12-15T21:39:18","slug":"ortaklar","status":"publish","type":"page","link":"https:\/\/www.agrivoltages.eu\/index.php\/tr\/ortaklar\/","title":{"rendered":"Ortaklar"},"content":{"rendered":"\n<h2 class=\"wp-block-heading\">Proje Koordinat\u00f6r\u00fc<\/h2>\n\n\n\n<h2 class=\"wp-block-heading\"><strong>MANS \u2013 \u0141om\u017ca Uluslararas\u0131 Uygulamal\u0131 Bilimler Akademisi<\/strong><\/h2>\n\n\n\n<figure class=\"wp-block-image is-resized\"><img decoding=\"async\" src=\"https:\/\/www.agrivoltages.eu\/wp-content\/uploads\/2025\/10\/wsa_mans_logo_1-ai.png\" alt=\"\" class=\"wp-image-171\" style=\"aspect-ratio:2.21021871956079;width:382px;height:auto\"\/><\/figure>\n\n\n\n<p class=\"wp-block-paragraph\">1996 y\u0131l\u0131nda kurulan \u0141om\u017ca Uluslararas\u0131 Uygulamal\u0131 Bilimler Akademisi (MANS), Polonya&#8217;n\u0131n \u0141om\u017ca \u015fehrinde bulunan devlet d\u0131\u015f\u0131 bir y\u00fcksek\u00f6\u011fretim kurumudur.<\/p>\n\n\n\n<p class=\"wp-block-paragraph\">MANS, Tar\u0131m, Hem\u015firelik, \u0130\u00e7 G\u00fcvenlik, Lojistik, \u0130n\u015faat ve Emtia Bilimi gibi alanlarda y\u00fcksek kaliteli e\u011fitim ve ara\u015ft\u0131rma sunmaktad\u0131r.<\/p>\n\n\n\n<p class=\"wp-block-paragraph\">Kurum, tar\u0131m ve s\u00fcrd\u00fcr\u00fclebilirlik odakl\u0131 lisans ve lisans\u00fcst\u00fc derecelerinin yan\u0131 s\u0131ra mesleki e\u011fitim ve \u00f6\u011fretim (VET) programlar\u0131 sunmaktad\u0131r.<\/p>\n\n\n\n<p class=\"wp-block-paragraph\">MANS, yakla\u015f\u0131k 200 \u00fccretli \u00e7al\u0131\u015fan (profes\u00f6rler, ara\u015ft\u0131rmac\u0131lar, idari personel ve \u00f6\u011fretim g\u00f6revlileri) ile belirli ara\u015ft\u0131rma projelerine ve etkinliklere katk\u0131da bulunan konuk \u00f6\u011fretim \u00fcyeleri, g\u00f6n\u00fcll\u00fcler ve stajyerler istihdam etmektedir.<\/p>\n\n\n\n<p class=\"wp-block-paragraph\">Kurum, 2.000 \u00f6\u011frenciye hizmet vermekte ve onlar\u0131 s\u00fcrd\u00fcr\u00fclebilir tar\u0131m, hassas tar\u0131m ve d\u00f6ng\u00fcsel ekonomi uygulamalar\u0131nda pratik, uygulamal\u0131 e\u011fitime odaklanarak i\u015f g\u00fcc\u00fcne haz\u0131rlamaktad\u0131r.<\/p>\n\n\n\n<p class=\"wp-block-paragraph\"><a href=\"https:\/\/mans.edu.pl\">https:\/\/mans.edu.pl<\/a><\/p>\n\n\n\n<h2 class=\"wp-block-heading\">Proje Ortaklar\u0131<\/h2>\n\n\n\n<figure class=\"wp-block-image is-resized\"><img loading=\"lazy\" decoding=\"async\" width=\"227\" height=\"60\" src=\"https:\/\/www.agrivoltages.eu\/wp-content\/uploads\/2025\/10\/aarhus_pptx.png\" alt=\"\" class=\"wp-image-169\" style=\"aspect-ratio:3.7839063090290894;width:337px;height:auto\"\/><\/figure>\n\n\n\n<h3 class=\"wp-block-heading\">Aarhus \u00dcniversitesi<\/h3>\n\n\n\n<p class=\"wp-block-paragraph\">Aarhus \u00dcniversitesi (AU), Danimarka&#8217;da yer almakta olup ana kamp\u00fcs\u00fc Aarhus&#8217;tad\u0131r. AU, 32 g\u00fc\u00e7l\u00fc akademik b\u00f6l\u00fcmden olu\u015fan bir a\u011f ile desteklenen yedi fak\u00fcltede organize edilmi\u015ftir.<\/p>\n\n\n\n<p class=\"wp-block-paragraph\">2017 y\u0131l\u0131nda \u00fcniversite 7.825 tam zamanl\u0131 e\u015fde\u011fer (FTE) personel istihdam etmi\u015ftir. Agroekoloji B\u00f6l\u00fcm\u00fc, agro-ekosistemlerdeki iklim, toprak, bitkiler, hayvanlar ve insanlar aras\u0131ndaki dinamik etkile\u015fimlere odaklanan geni\u015f bir temel, stratejik ve uygulamal\u0131 ara\u015ft\u0131rma yelpazesi y\u00fcr\u00fctmektedir.<\/p>\n\n\n\n<p class=\"wp-block-paragraph\"><a href=\"https:\/\/international.au.dk\">https:\/\/international.au.dk<\/a><\/p>\n\n\n\n<figure class=\"wp-block-image is-resized\"><img decoding=\"async\" src=\"https:\/\/www.agrivoltages.eu\/wp-content\/uploads\/2025\/10\/bursa-uludag-university_alfa.png\" alt=\"\" class=\"wp-image-178\" style=\"aspect-ratio:1.3323495309370719;width:243px;height:auto\"\/><\/figure>\n\n\n\n<h3 class=\"wp-block-heading\"><strong><strong>Bursa Uluda\u011f \u00dcniversitesi<\/strong><\/strong><\/h3>\n\n\n\n<p class=\"wp-block-paragraph\">1975 y\u0131l\u0131nda Bursa \u00dcniversitesi ad\u0131yla kurulan Bursa Uluda\u011f \u00dcniversitesi, o zamandan beri 15 fak\u00fclte, 2 y\u00fcksekokul, 15 meslek y\u00fcksekokulu, 1 konservatuvar, 4 enstit\u00fc, 27 uygulama ve ara\u015ft\u0131rma merkezi, 1 ara\u015ft\u0131rma merkezi ve rekt\u00f6rl\u00fc\u011fe ba\u011fl\u0131 5 b\u00f6l\u00fcm ile e\u011fitim hizmetlerini ba\u015far\u0131yla s\u00fcrd\u00fcrmektedir. Modernle\u015fme ve uluslararas\u0131la\u015fma a\u00e7\u0131s\u0131ndan Bursa Uluda\u011f \u00dcniversitesi (BU\u00dc), uluslararas\u0131 (AB ve AB d\u0131\u015f\u0131) i\u015fbirli\u011fi projelerinin organizasyonu ve uygulanmas\u0131na b\u00fcy\u00fck \u00f6nem vermektedir. BU\u00dc a\u015fa\u011f\u0131dakileri i\u00e7eren \u00e7e\u015fitli stratejik hedefler sa\u011flamaktad\u0131r:<\/p>\n\n\n\n<p class=\"wp-block-paragraph\">&#8211; Hem ulusal hem de uluslararas\u0131 \u00fcniversitelerle i\u015fbirli\u011fi i\u00e7inde ortak ara\u015ft\u0131rma projelerinin say\u0131s\u0131n\u0131n art\u0131r\u0131lmas\u0131 ve \u00e7ok disiplinli \u00e7al\u0131\u015fmalara \u00f6ncelik verilmesi,<\/p>\n\n\n\n<p class=\"wp-block-paragraph\">&#8211; BU\u00dc, toplum ve end\u00fcstri aras\u0131ndaki i\u015fbirli\u011fini g\u00fc\u00e7lendirme amac\u0131na uygun olarak Bursa&#8217;da bol miktarda bulunan \u00e7ok uluslu \u015firketlerle Ar-Ge projelerini y\u00fcr\u00fctmekte ve art\u0131rmaya \u00e7al\u0131\u015fmaktad\u0131r,<\/p>\n\n\n\n<p class=\"wp-block-paragraph\">&#8211; Ar-Ge projelerine kat\u0131lan y\u00fcksek lisans ve doktora \u00f6\u011frencilerine uluslararas\u0131 fonlar arac\u0131l\u0131\u011f\u0131yla yurtd\u0131\u015f\u0131nda \u00e7al\u0131\u015fma imkan\u0131 sa\u011flanmas\u0131,<\/p>\n\n\n\n<p class=\"wp-block-paragraph\">&#8211; Ulusal ve uluslararas\u0131 d\u0131\u015f payda\u015flar\u0131m\u0131zla birlikte y\u00fcksek lisans ve doktora tez \u00e7al\u0131\u015fmalar\u0131n\u0131n ortakla\u015fa y\u00fcr\u00fct\u00fclmesi,<\/p>\n\n\n\n<p class=\"wp-block-paragraph\">&#8211; BU\u00dc&#8217;de y\u00fcr\u00fct\u00fclen ara\u015ft\u0131rma faaliyetlerinin \u00e7\u0131kt\u0131lar\u0131 olarak patent, end\u00fcstriyel tasar\u0131m, prototip ve faydal\u0131 modellerin say\u0131s\u0131n\u0131n art\u0131r\u0131lmas\u0131.<\/p>\n\n\n\n<p class=\"wp-block-paragraph\">Bilimsel Ara\u015ft\u0131rma Projeleri Koordinasyon Birimi, projelerin uygulanmas\u0131 i\u00e7in destek sa\u011flamaktad\u0131r. Destek, b\u00fct\u00e7e organizasyonu ve proje y\u00f6netimi prosed\u00fcrleri a\u00e7\u0131s\u0131ndan verilmektedir. Birim, proje ekibi ile toplant\u0131lar d\u00fczenlemekte ve projelerin ilerlemesini takip etmektedir. Birim ayr\u0131ca projeler s\u00fcresince resmi gereklilikler konusunda yard\u0131mc\u0131 olmaktad\u0131r.<\/p>\n\n\n\n<p class=\"wp-block-paragraph\"><a href=\"https:\/\/www.uludag.edu.tr\">https:\/\/www.uludag.edu.tr<\/a><\/p>\n\n\n\n<figure class=\"wp-block-image is-resized\"><img loading=\"lazy\" decoding=\"async\" width=\"1024\" height=\"302\" src=\"https:\/\/www.agrivoltages.eu\/wp-content\/uploads\/2025\/11\/SDSN_landscape_green_alfa-1024x302.png\" alt=\"\" class=\"wp-image-207\" style=\"aspect-ratio:3.390891597177678;width:339px;height:auto\"\/><\/figure>\n\n\n\n<h3 class=\"wp-block-heading\"><strong>Sustainable Development Studies Network<\/strong><\/h3>\n\n\n\n<p class=\"wp-block-paragraph\">SDSN, yerel, ulusal, b\u00f6lgesel ve k\u00fcresel ba\u011flamlarda olumlu de\u011fi\u015fim getirebilecek \u00c7evresel S\u00fcrd\u00fcr\u00fclebilirli\u011fi te\u015fvik etmeye odaklanan bir Ara\u015ft\u0131rma ve Geli\u015ftirme kurulu\u015fudur. SDSN, D\u00f6ng\u00fcsel Ekonomi, E\u011fitim, Dijitalle\u015fme, Kalk\u0131nma ve Ekonomik Rasyonelle\u015ftirmenin d\u00f6rt temel dire\u011finin, temelde sa\u011flam ve s\u00fcrd\u00fcr\u00fclebilir \u00e7\u00f6z\u00fcmlerle ve sistemik iklim sorunlar\u0131na y\u00f6nelik ak\u0131c\u0131 \u00e7\u00f6z\u00fcmlere y\u0131k\u0131c\u0131 yakla\u015f\u0131mlarla birle\u015fti\u011finde, her toplumun sosyal yap\u0131s\u0131nda \u00f6nemli de\u011fi\u015fiklik yaratan yarat\u0131c\u0131 \u00e7\u00f6z\u00fcmlere yol a\u00e7abilece\u011fine inanmaktad\u0131r.<\/p>\n\n\n\n<p class=\"wp-block-paragraph\">SDSN, h\u00fck\u00fcmetler, yerel idari kurumlar, kar amac\u0131 g\u00fctmeyen kurumlar, ticari kurulu\u015flar ve e\u011fitim kurumlar\u0131yla pazar sosyal, ekonomik ve e\u011fitim zorluklar\u0131n\u0131 ele almak i\u00e7in yak\u0131n i\u015fbirli\u011fi i\u00e7inde \u00e7al\u0131\u015fmaktad\u0131r. Kan\u0131ta dayal\u0131 ara\u015ft\u0131rma, k\u00fcresel, ulusal, b\u00f6lgesel ve yerel \u00e7\u00f6z\u00fcmlerin son teknoloji incelemesi, yerel ekosistemi, k\u00fclt\u00fcrel dinamikleri dikkate alarak \u00e7\u00f6z\u00fcmler geli\u015ftirme, payda\u015flar\u0131n ihtiya\u00e7lar\u0131n\u0131 kar\u015f\u0131lama ve s\u00fcrekli geri bildirim d\u00f6ng\u00fcs\u00fc ve ayarlamalar sa\u011flamak i\u00e7in s\u00fcrekli tetikte kal\u0131rken bu \u00e7\u00f6z\u00fcmleri uygulama yoluyla sistemik zorluklar\u0131 belirliyoruz ve ele al\u0131yoruz.<\/p>\n\n\n\n<p class=\"wp-block-paragraph\">Kulland\u0131\u011f\u0131m\u0131z geri bildirim mekanizmalar\u0131 ve s\u00fcre\u00e7leri, payda\u015flar\u0131m\u0131zla ileti\u015fim halinde olmam\u0131z\u0131 ve sosyal \u00e7\u00f6z\u00fcm teklifimizi s\u00fcrekli g\u00fcncellememizi sa\u011flar.<\/p>\n\n\n\n<p class=\"wp-block-paragraph\"><a href=\"https:\/\/sdsnetwork.org\/\">https:\/\/sdsnetwork.org\/<\/a><\/p>\n\n\n\n<figure class=\"wp-block-image is-resized\"><img loading=\"lazy\" decoding=\"async\" width=\"118\" height=\"79\" src=\"https:\/\/www.agrivoltages.eu\/wp-content\/uploads\/2025\/10\/cnr_alfa.png\" alt=\"\" class=\"wp-image-177\" style=\"aspect-ratio:1.4936753964012115;width:225px;height:auto\"\/><\/figure>\n\n\n\n<h3 class=\"wp-block-heading\"><strong>Consiglio Nazionale delle Ricerche (CNR)<\/strong><\/h3>\n\n\n\n<p class=\"wp-block-paragraph\">Ulusal Ara\u015ft\u0131rma Konseyi (CNR), \u0130talya&#8217;daki en b\u00fcy\u00fck kamu ara\u015ft\u0131rma kurumudur ve Ara\u015ft\u0131rma Bakanl\u0131\u011f\u0131 alt\u0131nda \u00e7ok disiplinli faaliyetler y\u00fcr\u00fcten tek kurumdur.<\/p>\n\n\n\n<p class=\"wp-block-paragraph\">18 Kas\u0131m 1923&#8217;te t\u00fczel ki\u015filik olarak kurulan CNR&#8217;nin misyonu, kendi Enstit\u00fclerinde ara\u015ft\u0131rma yapmak, ulusal sanayi sisteminin yenilik ve rekabet g\u00fcc\u00fcn\u00fc te\u015fvik etmek, ulusal ara\u015ft\u0131rma sisteminin uluslararas\u0131la\u015fmas\u0131n\u0131 te\u015fvik etmek, ortaya \u00e7\u0131kan kamu ve \u00f6zel ihtiya\u00e7lara teknolojiler ve \u00e7\u00f6z\u00fcmler sa\u011flamak, H\u00fck\u00fcmete ve di\u011fer kamu kurulu\u015flar\u0131na dan\u0131\u015fmanl\u0131k yapmak ve insan kaynaklar\u0131n\u0131n nitelendirilmesine katk\u0131da bulunmakt\u0131r. CNR&#8217;nin ara\u015ft\u0131rma d\u00fcnyas\u0131nda ana kaynak, mevcut bilgidir, bu da becerileri, ba\u011fl\u0131l\u0131klar\u0131 ve fikirleriyle insanlar anlam\u0131na gelir.<\/p>\n\n\n\n<p class=\"wp-block-paragraph\">Bu sermaye, yar\u0131s\u0131ndan fazlas\u0131 ara\u015ft\u0131rmac\u0131 ve teknolog olan 8.000&#8217;den fazla \u00e7al\u0131\u015fandan olu\u015fmaktad\u0131r. Yakla\u015f\u0131k 4.000 gen\u00e7 ara\u015ft\u0131rmac\u0131, CNR&#8217;de organizasyonun \u00f6ncelikli ilgi alanlar\u0131 dahilinde lisans\u00fcst\u00fc \u00e7al\u0131\u015fmalar ve ara\u015ft\u0131rma e\u011fitimiyle me\u015fguld\u00fcr. Ara\u015ft\u0131rma ortaklar\u0131ndan da \u00f6nemli bir katk\u0131 gelmektedir: CNR&#8217;nin ara\u015ft\u0131rma faaliyetlerine kat\u0131lan \u00fcniversitelerden veya \u00f6zel firmalardan ara\u015ft\u0131rmac\u0131lar.<\/p>\n\n\n\n<p class=\"wp-block-paragraph\">CNR Biyoloji Departman\u0131 (Biyoekonomi Enstit\u00fcs\u00fc&#8217;n\u00fcn bir par\u00e7as\u0131), Tar\u0131m ve G\u0131da Bilimi, tar\u0131m ve g\u0131da bilimiyle ilgili t\u00fcm alanlarda ara\u015ft\u0131rma yapmakta ve yenili\u011fi te\u015fvik etmektedir. Ara\u015ft\u0131rma faaliyetleri, yenilik\u00e7i ve teknolojik \u00e7\u00f6z\u00fcmler geli\u015ftirmek ve hem kamuya hem de \u00f6zele hayvan ve bitki genetik kayna\u011f\u0131n\u0131n karakterizasyonu ve korunmas\u0131, \u00fcretimlerin sertifikasyonu ve izlenebilirli\u011fi, duyusal analizler ve\/veya g\u0131dalar\u0131n kirleticileri ve alerjenleri analizleri, hayvan ve bitki t\u00fcrlerinin genetik iyile\u015ftirilmesi, bitki sa\u011fl\u0131\u011f\u0131 te\u015fhisi ve y\u00fcksek hassasiyetli tar\u0131m i\u00e7in agrometeorolojik tahminler gibi y\u00fcksek teknoloji hizmetleri sa\u011flamak amac\u0131yla biyoloji ve biyoteknoloji, g\u0131da ve s\u00fcrd\u00fcr\u00fclebilir tar\u0131ma odaklanm\u0131\u015ft\u0131r.<\/p>\n\n\n\n<p class=\"wp-block-paragraph\"><a href=\"https:\/\/www.cnr.it\">https:\/\/www.cnr.it<\/a><\/p>\n\n\n\n<figure class=\"wp-block-image is-resized\"><img decoding=\"async\" src=\"https:\/\/www.agrivoltages.eu\/wp-content\/uploads\/2025\/10\/gsl_alfa-1.png\" alt=\"\" class=\"wp-image-189\" style=\"aspect-ratio:2.636914697355706;width:339px;height:auto\"\/><\/figure>\n\n\n\n<h3 class=\"wp-block-heading\"><strong><br>Green Solutions Lab<\/strong><\/h3>\n\n\n\n<p class=\"wp-block-paragraph\">Green Solutions Lab (GSL), en son teknoloji e\u011fitim teknolojileri, Ar-Ge odakl\u0131 \u00e7\u00f6z\u00fcmler ve dijital d\u00f6n\u00fc\u015f\u00fcm yoluyla s\u00fcrd\u00fcr\u00fclebilirli\u011fi ilerletmeye adanm\u0131\u015f yenilik\u00e7i bir ara\u015ft\u0131rma ve dan\u0131\u015fmanl\u0131k kurulu\u015fudur.<\/p>\n\n\n\n<p class=\"wp-block-paragraph\">GSL&#8217;de s\u00fcrd\u00fcr\u00fclebilirlik, e\u011fitim ve teknolojinin kesi\u015fme noktas\u0131nda faaliyet g\u00f6steriyoruz, kapasite geli\u015ftirmeyi ve dijital e\u011fitimi geli\u015ftirmek i\u00e7in yapay zeka destekli analitik, Geni\u015fletilmi\u015f Ger\u00e7eklik (XR), Art\u0131r\u0131lm\u0131\u015f Ger\u00e7eklik (AR) ve oyunla\u015ft\u0131rma tabanl\u0131 \u00f6\u011frenme modelleri geli\u015ftiriyoruz. Birincil odak noktam\u0131z, bireyleri ve kurulu\u015flar\u0131, \u00f6zellikle \u00e7evresel s\u00fcrd\u00fcr\u00fclebilirlik, d\u00f6ng\u00fcsel ekonomi, iklim eylemi ve dijital d\u00f6n\u00fc\u015f\u00fcmde g\u00fc\u00e7lendiren yenilik\u00e7i e\u011fitim \u00e7\u00f6z\u00fcmleri yaratmakt\u0131r.<\/p>\n\n\n\n<p class=\"wp-block-paragraph\">Misyonumuzun temel bir par\u00e7as\u0131, dezavantajl\u0131 gruplar i\u00e7in kapsay\u0131c\u0131 e\u011fitim ve s\u00fcrd\u00fcr\u00fclebilir kalk\u0131nmay\u0131 te\u015fvik etmektir. K\u0131rsal topluluklar\u0131n, marjinalle\u015ftirilmi\u015f n\u00fcfuslar\u0131n, kad\u0131nlar\u0131n, gen\u00e7lerin ve engelli bireylerin ihtiya\u00e7lar\u0131n\u0131 ele alan, teknoloji destekli \u00f6\u011frenme f\u0131rsatlar\u0131na e\u015fit eri\u015fim sa\u011flayan projeler geli\u015ftirip uyguluyoruz. S\u00fcr\u00fckleyici dijital e\u011fitim, oyunla\u015ft\u0131r\u0131lm\u0131\u015f \u00f6\u011frenme ara\u00e7lar\u0131 ve yapay zeka destekli e\u011fitim modelleri arac\u0131l\u0131\u011f\u0131yla beceri bo\u015fluklar\u0131n\u0131 kapat\u0131yor, istihdam edilebilirli\u011fi art\u0131r\u0131yor ve topluluklar\u0131 ye\u015fil ekonomiye aktif olarak kat\u0131lmalar\u0131 i\u00e7in g\u00fc\u00e7lendiriyoruz.<\/p>\n\n\n\n<p class=\"wp-block-paragraph\">GSL, \u00f6l\u00e7eklenebilir, politika odakl\u0131 ve teknoloji entegre e\u011fitim \u00e7\u00f6z\u00fcmleri olu\u015fturmak i\u00e7in \u00fcniversiteler, belediyeler, AB kurumlar\u0131 ve ara\u015ft\u0131rma merkezleriyle i\u015fbirli\u011fi yaparak ara\u015ft\u0131rma ve geli\u015ftirme (Ar-Ge) faaliyetlerine derinden dahil olmaktad\u0131r. \u00c7al\u0131\u015fmalar\u0131m\u0131z, ye\u015fil end\u00fcstrilerde ya\u015fam boyu \u00f6\u011frenmeyi ve i\u015fg\u00fcc\u00fc geli\u015fimini desteklemek i\u00e7in yapay zeka, XR ve dijital ikiz teknolojilerini kullanarak s\u00fcrd\u00fcr\u00fclebilir tar\u0131m, dijital okuryazarl\u0131k, temiz enerji ve sosyal yenilik dahil olmak \u00fczere bir\u00e7ok sekt\u00f6re yay\u0131lmaktad\u0131r.<\/p>\n\n\n\n<p class=\"wp-block-paragraph\">Bilgi transferini ve beceri geli\u015ftirmeyi vurguluyoruz, profesyonelleri, e\u011fitimcileri ve gen\u00e7 yenilik\u00e7ileri gelece\u011fin gerekli becerileriyle donatan uluslararas\u0131 e\u011fitim programlar\u0131, dijital \u00f6\u011frenme platformlar\u0131 ve etkile\u015fimli at\u00f6lye \u00e7al\u0131\u015fmalar\u0131 d\u00fczenliyoruz. Dan\u0131\u015fmanl\u0131k hizmetlerimiz, kurulu\u015flar\u0131n yapay zeka tabanl\u0131 karar verme modellerini, kapsay\u0131c\u0131 dijital e\u011fitim stratejilerini ve s\u00fcrd\u00fcr\u00fclebilirlik odakl\u0131 m\u00fcfredatlar\u0131 uygulamalar\u0131na yard\u0131mc\u0131 olarak uzun vadeli etki sa\u011flar.<\/p>\n\n\n\n<p class=\"wp-block-paragraph\">GSL, teknoloji odakl\u0131, sosyal sorumlu ve \u00e7evresel olarak s\u00fcrd\u00fcr\u00fclebilir e\u011fitim \u00e7\u00f6z\u00fcmleri geli\u015ftirmek i\u00e7in STK&#8217;lar, ara\u015ft\u0131rma kurumlar\u0131, \u00f6zel sekt\u00f6r \u015firketleri ve politika yap\u0131c\u0131larla \u00e7al\u0131\u015farak Avrupa&#8217;da ve uluslararas\u0131 alanda g\u00fc\u00e7l\u00fc bir ortak a\u011f\u0131 olu\u015fturmu\u015ftur. Giri\u015fimlerimiz, proje ink\u00fcbasyonu, h\u0131zland\u0131rma programlar\u0131 ve disiplinler aras\u0131 ara\u015ft\u0131rma yoluyla uygulanarak akademi, end\u00fcstri ve sivil toplum aras\u0131nda i\u015fbirli\u011fini te\u015fvik etmektedir.<\/p>\n\n\n\n<p class=\"wp-block-paragraph\">\u015eu anda GSL, ara\u015ft\u0131rmac\u0131lar, m\u00fchendisler, dijital e\u011fitim uzmanlar\u0131 ve s\u00fcrd\u00fcr\u00fclebilirlik dan\u0131\u015fmanlar\u0131 dahil olmak \u00fczere \u00e7e\u015fitli bir uzman ekibiyle faaliyet g\u00f6stermektedir. A\u011f\u0131m\u0131z, geni\u015f bir Ar-Ge ve kapasite geli\u015ftirme faaliyeti yelpazesine katk\u0131da bulunan harici dan\u0131\u015fmanlar\u0131, e\u011fitimcileri ve proje ortaklar\u0131n\u0131 i\u00e7ermektedir.<\/p>\n\n\n\n<p class=\"wp-block-paragraph\">T\u00fcm \u00e7abalar\u0131m\u0131z\u0131n merkezinde ye\u015fil d\u00f6n\u00fc\u015f\u00fcme olan bir ba\u011fl\u0131l\u0131k bulunmaktad\u0131r. \u0130ster dijital e\u011fitim, ister yapay zeka destekli \u00e7\u00f6z\u00fcmler veya s\u00fcrd\u00fcr\u00fclebilir yenilik yoluyla olsun, projelerimiz bireyleri ve kurumlar\u0131 d\u00fc\u015f\u00fck karbonlu, kaynak verimli ve \u00e7evresel olarak sorumlu bir gelece\u011fe ge\u00e7i\u015f i\u00e7in gereken bilgi, ara\u00e7lar ve stratejilerle donatmaktad\u0131r.<\/p>\n\n\n\n<p class=\"wp-block-paragraph\">Ara\u015ft\u0131rma odakl\u0131 yakla\u015f\u0131m\u0131m\u0131z, teknoloji entegrasyonu ve sosyal e\u015fitli\u011fe olan ba\u011fl\u0131l\u0131\u011f\u0131m\u0131z arac\u0131l\u0131\u011f\u0131yla GSL, etkisini geni\u015fletmeye devam etmekte, s\u00fcrd\u00fcr\u00fclebilirlik ve dijital yenili\u011fin el ele gitmesini sa\u011flamaktad\u0131r. Vizyonumuz, daha ak\u0131ll\u0131, daha ye\u015fil ve daha dayan\u0131kl\u0131 bir d\u00fcnyay\u0131 y\u00f6nlendiren yapay zeka destekli e\u011fitim, s\u00fcrd\u00fcr\u00fclebilirlik ve dijital kapsay\u0131c\u0131l\u0131kta lider bir g\u00fc\u00e7 olmakt\u0131r.<\/p>\n\n\n\n<p class=\"wp-block-paragraph\"><a href=\"https:\/\/www.gsl.bg\">https:\/\/www.gsl.bg<\/a><\/p>\n","protected":false},"excerpt":{"rendered":"<p>Proje Koordinat\u00f6r\u00fc MANS \u2013 \u0141om\u017ca Uluslararas\u0131 Uygulamal\u0131 Bilimler Akademisi 1996 y\u0131l\u0131nda kurulan \u0141om\u017ca Uluslararas\u0131 Uygulamal\u0131 Bilimler Akademisi (MANS), Polonya&#8217;n\u0131n \u0141om\u017ca \u015fehrinde bulunan devlet d\u0131\u015f\u0131 bir y\u00fcksek\u00f6\u011fretim kurumudur. MANS, Tar\u0131m, Hem\u015firelik, \u0130\u00e7 G\u00fcvenlik, Lojistik, \u0130n\u015faat ve Emtia Bilimi gibi alanlarda y\u00fcksek kaliteli e\u011fitim ve ara\u015ft\u0131rma sunmaktad\u0131r. Kurum, tar\u0131m ve s\u00fcrd\u00fcr\u00fclebilirlik odakl\u0131 lisans ve lisans\u00fcst\u00fc derecelerinin yan\u0131 [&hellip;]<\/p>\n","protected":false},"author":3,"featured_media":0,"parent":0,"menu_order":0,"comment_status":"closed","ping_status":"closed","template":"","meta":{"_crdt_document":"","footnotes":""},"class_list":["post-527","page","type-page","status-publish","hentry"],"_links":{"self":[{"href":"https:\/\/www.agrivoltages.eu\/index.php\/wp-json\/wp\/v2\/pages\/527","targetHints":{"allow":["GET"]}}],"collection":[{"href":"https:\/\/www.agrivoltages.eu\/index.php\/wp-json\/wp\/v2\/pages"}],"about":[{"href":"https:\/\/www.agrivoltages.eu\/index.php\/wp-json\/wp\/v2\/types\/page"}],"author":[{"embeddable":true,"href":"https:\/\/www.agrivoltages.eu\/index.php\/wp-json\/wp\/v2\/users\/3"}],"replies":[{"embeddable":true,"href":"https:\/\/www.agrivoltages.eu\/index.php\/wp-json\/wp\/v2\/comments?post=527"}],"version-history":[{"count":1,"href":"https:\/\/www.agrivoltages.eu\/index.php\/wp-json\/wp\/v2\/pages\/527\/revisions"}],"predecessor-version":[{"id":528,"href":"https:\/\/www.agrivoltages.eu\/index.php\/wp-json\/wp\/v2\/pages\/527\/revisions\/528"}],"wp:attachment":[{"href":"https:\/\/www.agrivoltages.eu\/index.php\/wp-json\/wp\/v2\/media?parent=527"}],"curies":[{"name":"wp","href":"https:\/\/api.w.org\/{rel}","templated":true}]}}