{"id":521,"date":"2025-12-15T22:15:44","date_gmt":"2025-12-15T21:15:44","guid":{"rendered":"https:\/\/www.agrivoltages.eu\/?page_id=521"},"modified":"2025-12-15T22:23:18","modified_gmt":"2025-12-15T21:23:18","slug":"partnerzy","status":"publish","type":"page","link":"https:\/\/www.agrivoltages.eu\/index.php\/pl\/partnerzy\/","title":{"rendered":"Partnerzy"},"content":{"rendered":"\n<h2 class=\"wp-block-heading\"><strong>Koordynator Projektu<\/strong><\/h2>\n\n\n\n<h2 class=\"wp-block-heading\"><strong><strong>MANS \u2013 Mi\u0119dzynarodowa Akademia Nauk Stosowanych w \u0141om\u017cy<\/strong><\/strong><\/h2>\n\n\n\n<figure class=\"wp-block-image is-resized\"><img decoding=\"async\" src=\"https:\/\/www.agrivoltages.eu\/wp-content\/uploads\/2025\/10\/wsa_mans_logo_1-ai.png\" alt=\"\" class=\"wp-image-171\" style=\"aspect-ratio:2.21021871956079;width:382px;height:auto\"\/><\/figure>\n\n\n\n<p class=\"wp-block-paragraph\">Mi\u0119dzynarodowa Akademia Nauk Stosowanych w \u0141om\u017cy (MANS), za\u0142o\u017cona w 1996 roku, jest niepa\u0144stwow\u0105 uczelni\u0105 wy\u017csz\u0105 zlokalizowan\u0105 w \u0141om\u017cy, w Polsce.<\/p>\n\n\n\n<p class=\"wp-block-paragraph\">MANS zapewnia wysokiej jako\u015bci edukacj\u0119 i badania w dziedzinach takich jak Rolnictwo, Piel\u0119gniarstwo, Bezpiecze\u0144stwo Wewn\u0119trzne, Logistyka, Budownictwo i Towaroznawstwo.<\/p>\n\n\n\n<p class=\"wp-block-paragraph\">Instytucja oferuje programy studi\u00f3w licencjackich i magisterskich, a tak\u017ce programy kszta\u0142cenia i szkolenia zawodowego (VET), skupiaj\u0105ce si\u0119 na rolnictwie i zr\u00f3wnowa\u017conym rozwoju.<\/p>\n\n\n\n<p class=\"wp-block-paragraph\">MANS zatrudnia oko\u0142o 200 p\u0142atnych pracownik\u00f3w (profesor\u00f3w, badaczy, personelu administracyjnego i wyk\u0142adowc\u00f3w), a tak\u017ce wyk\u0142adowc\u00f3w go\u015bcinnych, wolontariuszy i sta\u017cyst\u00f3w, kt\u00f3rzy przyczyniaj\u0105 si\u0119 do realizacji konkretnych projekt\u00f3w badawczych i wydarze\u0144.<\/p>\n\n\n\n<p class=\"wp-block-paragraph\">Instytucja obs\u0142uguje 2000 student\u00f3w, przygotowuj\u0105c ich do wej\u015bcia na rynek pracy, koncentruj\u0105c si\u0119 na praktycznym, praktycznym szkoleniu w zakresie zr\u00f3wnowa\u017conego rolnictwa, rolnictwa precyzyjnego i praktyk gospodarki o obiegu zamkni\u0119tym.<\/p>\n\n\n\n<p class=\"wp-block-paragraph\"><a href=\"https:\/\/mans.edu.pl\">https:\/\/mans.edu.pl<\/a><\/p>\n\n\n\n<h2 class=\"wp-block-heading\">Partnerzy Projektu<\/h2>\n\n\n\n<figure class=\"wp-block-image is-resized\"><img loading=\"lazy\" decoding=\"async\" width=\"227\" height=\"60\" src=\"https:\/\/www.agrivoltages.eu\/wp-content\/uploads\/2025\/10\/aarhus_pptx.png\" alt=\"\" class=\"wp-image-169\" style=\"aspect-ratio:3.7839063090290894;width:337px;height:auto\"\/><\/figure>\n\n\n\n<h3 class=\"wp-block-heading\"><strong>Uniwersytet w Aarhus<\/strong><\/h3>\n\n\n\n<p class=\"wp-block-paragraph\">Uniwersytet w Aarhus (AU) znajduje si\u0119 w Danii, a jego g\u0142\u00f3wny kampus mie\u015bci si\u0119 w Aarhus. AU jest zorganizowany w siedem wydzia\u0142\u00f3w uzupe\u0142nionych przez sie\u0107 32 silnych jednostek akademickich.<\/p>\n\n\n\n<p class=\"wp-block-paragraph\">W 2017 roku uniwersytet zatrudnia\u0142 7825 pracownik\u00f3w w przeliczeniu na pe\u0142ne etaty (FTE). Katedra Agroekologii prowadzi szerokie spektrum bada\u0144 podstawowych, strategicznych i stosowanych, skupionych na dynamicznych interakcjach mi\u0119dzy klimatem, gleb\u0105, ro\u015blinami, zwierz\u0119tami i lud\u017ami w agroekosystemach.<\/p>\n\n\n\n<p class=\"wp-block-paragraph\"><a href=\"https:\/\/international.au.dk\">https:\/\/international.au.dk<\/a><\/p>\n\n\n\n<figure class=\"wp-block-image is-resized\"><img decoding=\"async\" src=\"https:\/\/www.agrivoltages.eu\/wp-content\/uploads\/2025\/10\/bursa-uludag-university_alfa.png\" alt=\"\" class=\"wp-image-178\" style=\"aspect-ratio:1.3323495309370719;width:243px;height:auto\"\/><\/figure>\n\n\n\n<h3 class=\"wp-block-heading\"><strong>Uniwersytet Bursa Uluda\u011f<\/strong><\/h3>\n\n\n\n<p class=\"wp-block-paragraph\">Uniwersytet Bursa Uluda\u011f, utworzony w 1975 roku pod nazw\u0105 Uniwersytet Bursa, z powodzeniem kontynuuje od tego czasu swoje us\u0142ugi edukacyjne z 15 wydzia\u0142ami, 2 szko\u0142ami, 15 szko\u0142ami zawodowymi, 1 konserwatorium, 4 instytutami, 27 centrami bada\u0144 stosowanych, 1 centrum badawczym i 5 wydzia\u0142ami podlegaj\u0105cymi pod rektorat. W zakresie modernizacji i internacjonalizacji Uniwersytet Bursa Uludag (BUU) przywi\u0105zuje najwi\u0119ksz\u0105 wag\u0119 do organizacji i realizacji mi\u0119dzynarodowych (UE i spoza UE) projekt\u00f3w wsp\u00f3\u0142pracy. BUU zapewnia kilka strategicznych cel\u00f3w, kt\u00f3re obejmuj\u0105:<\/p>\n\n\n\n<ul class=\"wp-block-list\">\n<li>Zwi\u0119kszenie liczby wsp\u00f3lnych projekt\u00f3w badawczych we wsp\u00f3\u0142pracy zar\u00f3wno z krajowymi, jak i mi\u0119dzynarodowymi uniwersytetami, z priorytetem dla studi\u00f3w interdyscyplinarnych,<\/li>\n\n\n\n<li>BUU realizuje i d\u0105\u017cy do zwi\u0119kszenia projekt\u00f3w B+R z korporacjami wielonarodowymi, kt\u00f3rych jest mn\u00f3stwo w Bursa, zgodnie z celem wzmocnienia wsp\u00f3\u0142pracy mi\u0119dzy spo\u0142ecze\u0144stwem a przemys\u0142em,<\/li>\n\n\n\n<li>Zapewnienie studentom magisterskim i doktoranckim uczestnicz\u0105cym w projektach B+R mo\u017cliwo\u015bci studiowania za granic\u0105 poprzez fundusze mi\u0119dzynarodowe,<\/li>\n\n\n\n<li>Wsp\u00f3lne wykonywanie prac magisterskich i doktorskich wraz z naszymi krajowymi i mi\u0119dzynarodowymi interesariuszami zewn\u0119trznymi,<\/li>\n\n\n\n<li>Zwi\u0119kszenie liczby patent\u00f3w, wzor\u00f3w przemys\u0142owych, prototyp\u00f3w i wzor\u00f3w u\u017cytkowych jako wynik\u00f3w dzia\u0142alno\u015bci badawczej prowadzonej w BUU.<\/li>\n<\/ul>\n\n\n\n<p class=\"wp-block-paragraph\">Jednostka Koordynacji Projekt\u00f3w Bada\u0144 Naukowych wspiera realizacj\u0119 projekt\u00f3w. Wsparcie udzielane jest w zakresie organizacji bud\u017cetu i procedur zarz\u0105dzania projektami. Jednostka organizuje spotkania z zespo\u0142em projektowym i monitoruje post\u0119p projekt\u00f3w. Jednostka pomaga r\u00f3wnie\u017c w formalnych wymaganiach w trakcie realizacji projekt\u00f3w.<\/p>\n\n\n\n<p class=\"wp-block-paragraph\"><a href=\"https:\/\/www.uludag.edu.tr\">https:\/\/www.uludag.edu.tr<\/a><\/p>\n\n\n\n<figure class=\"wp-block-image is-resized\"><img loading=\"lazy\" decoding=\"async\" width=\"1024\" height=\"302\" src=\"https:\/\/www.agrivoltages.eu\/wp-content\/uploads\/2025\/11\/SDSN_landscape_green_alfa-1024x302.png\" alt=\"\" class=\"wp-image-207\" style=\"aspect-ratio:3.390891597177678;width:339px;height:auto\"\/><\/figure>\n\n\n\n<h3 class=\"wp-block-heading\"><strong>Sustainable Development Studies Network<\/strong><\/h3>\n\n\n\n<p class=\"wp-block-paragraph\">SDSN jest organizacj\u0105 badawczo-rozwojow\u0105, kt\u00f3ra koncentruje si\u0119 na wspieraniu zr\u00f3wnowa\u017cenia \u015brodowiskowego, kt\u00f3re mo\u017ce przynie\u015b\u0107 pozytywne zmiany w kontek\u015bcie lokalnym, krajowym, regionalnym i globalnym. SDSN uwa\u017ca, \u017ce cztery filary gospodarki o obiegu zamkni\u0119tym, edukacji, cyfryzacji, rozwoju i racjonalizacji ekonomicznej w po\u0142\u0105czeniu z fundamentalnie solidnymi i zr\u00f3wnowa\u017conymi rozwi\u0105zaniami, a tak\u017ce zak\u0142\u00f3ceniami w usprawnionych rozwi\u0105zaniach systemowych problem\u00f3w klimatycznych mog\u0105 prowadzi\u0107 do kreatywnych rozwi\u0105za\u0144, kt\u00f3re maj\u0105 znacz\u0105cy wp\u0142yw na struktur\u0119 spo\u0142eczn\u0105 ka\u017cdego spo\u0142ecze\u0144stwa.<\/p>\n\n\n\n<p class=\"wp-block-paragraph\">SDSN \u015bci\u015ble wsp\u00f3\u0142pracuje nad rozwi\u0105zywaniem rynkowych wyzwa\u0144 spo\u0142ecznych, ekonomicznych i edukacyjnych z rz\u0105dami, lokalnymi agencjami administracyjnymi, agencjami non-profit, podmiotami komercyjnymi i instytucjami edukacyjnymi. Identyfikujemy i rozwi\u0105zujemy systemowe wyzwania poprzez badania oparte na dowodach, najnowocze\u015bniejsze badanie globalnych, krajowych, regionalnych i lokalnych rozwi\u0105za\u0144, opracowywanie rozwi\u0105za\u0144 z uwzgl\u0119dnieniem lokalnego ekosystemu, dynamiki kulturowej, zaspokajanie potrzeb interesariuszy i wdra\u017canie tych rozwi\u0105za\u0144, jednocze\u015bnie zachowuj\u0105c sta\u0142\u0105 czujno\u015b\u0107, aby zapewni\u0107 ci\u0105g\u0142\u0105 p\u0119tl\u0119 informacji zwrotnej i dostosowa\u0144.<\/p>\n\n\n\n<p class=\"wp-block-paragraph\">Mechanizmy i procesy informacji zwrotnej, kt\u00f3re stosujemy, pozwalaj\u0105 nam na pewno\u015b\u0107 utrzymywania kontaktu z naszymi interesariuszami i ci\u0105g\u0142e aktualizowanie naszej propozycji rozwi\u0105za\u0144 spo\u0142ecznych.<\/p>\n\n\n\n<p class=\"wp-block-paragraph\"><a href=\"https:\/\/sdsnetwork.org\/\">https:\/\/sdsnetwork.org\/<\/a><\/p>\n\n\n\n<figure class=\"wp-block-image is-resized\"><img loading=\"lazy\" decoding=\"async\" width=\"118\" height=\"79\" src=\"https:\/\/www.agrivoltages.eu\/wp-content\/uploads\/2025\/10\/cnr_alfa.png\" alt=\"\" class=\"wp-image-177\" style=\"aspect-ratio:1.4936753964012115;width:225px;height:auto\"\/><\/figure>\n\n\n\n<h3 class=\"wp-block-heading\"><strong>Consiglio Nazionale delle Ricerche (CNR)<\/strong><\/h3>\n\n\n\n<p class=\"wp-block-paragraph\">Narodowa Rada Bada\u0144 (CNR) jest najwi\u0119ksz\u0105 publiczn\u0105 instytucj\u0105 badawcz\u0105 we W\u0142oszech, jedyn\u0105 podlegaj\u0105c\u0105 Ministerstwu Bada\u0144 Naukowych, prowadz\u0105c\u0105 dzia\u0142alno\u015b\u0107 multidyscyplinarn\u0105.<\/p>\n\n\n\n<p class=\"wp-block-paragraph\">Za\u0142o\u017cona jako osoba prawna 18 listopada 1923 roku, misj\u0105 CNR jest prowadzenie bada\u0144 we w\u0142asnych Instytutach, promowanie innowacji i konkurencyjno\u015bci krajowego systemu przemys\u0142owego, promowanie internacjonalizacji krajowego systemu badawczego, dostarczanie technologii i rozwi\u0105za\u0144 dla pojawiaj\u0105cych si\u0119 potrzeb publicznych i prywatnych, doradztwo Rz\u0105dowi i innym organom publicznym oraz przyczynianie si\u0119 do kwalifikacji zasob\u00f3w ludzkich. W \u015bwiecie badawczym CNR g\u0142\u00f3wnym zasobem jest dost\u0119pna wiedza, co oznacza ludzi z ich umiej\u0119tno\u015bciami, zaanga\u017cowaniem i pomys\u0142ami.<\/p>\n\n\n\n<p class=\"wp-block-paragraph\">Ten kapita\u0142 obejmuje ponad 8000 pracownik\u00f3w, z kt\u00f3rych ponad po\u0142owa to badacze i technolodzy. Oko\u0142o 4000 m\u0142odych badaczy jest zaanga\u017cowanych w studia podyplomowe i szkolenia badawcze w CNR w ramach priorytetowych obszar\u00f3w zainteresowania organizacji. Znacz\u0105cy wk\u0142ad pochodzi r\u00f3wnie\u017c od wsp\u00f3\u0142pracownik\u00f3w badawczych: badaczy z uniwersytet\u00f3w lub firm prywatnych, kt\u00f3rzy bior\u0105 udzia\u0142 w dzia\u0142aniach badawczych CNR.<\/p>\n\n\n\n<p class=\"wp-block-paragraph\">Departament Biologii CNR (kt\u00f3rego cz\u0119\u015bci\u0105 jest Instytut Biogospodarki), Rolnictwa i Nauk o \u017bywno\u015bci prowadzi badania i promuje innowacje we wszystkich dziedzinach zwi\u0105zanych z rolnictwem i naukami o \u017cywno\u015bci. Dzia\u0142ania badawcze koncentruj\u0105 si\u0119 na biologii i biotechnologii, \u017cywno\u015bci i zr\u00f3wnowa\u017conym rolnictwie, maj\u0105c na celu opracowanie innowacyjnych i technologicznych rozwi\u0105za\u0144 oraz \u015bwiadczenie zar\u00f3wno dla sektora publicznego, jak i prywatnego, us\u0142ug wysokiej technologii, takich jak charakteryzacja i ochrona zasob\u00f3w genetycznych zwierz\u0105t i ro\u015blin, certyfikacja i identyfikowalno\u015b\u0107 produkcji, analizy sensoryczne i\/lub analizy zanieczyszcze\u0144 i alergen\u00f3w \u017cywno\u015bci, poprawa genetyczna gatunk\u00f3w zwierz\u0105t i ro\u015blin, diagnostyka zdrowia ro\u015blin i prognozy agrometeorologiczne dla rolnictwa o wysokiej precyzji.<\/p>\n\n\n\n<p class=\"wp-block-paragraph\"><a href=\"https:\/\/www.cnr.it\">https:\/\/www.cnr.it<\/a><\/p>\n\n\n\n<figure class=\"wp-block-image is-resized\"><img decoding=\"async\" src=\"https:\/\/www.agrivoltages.eu\/wp-content\/uploads\/2025\/10\/gsl_alfa-1.png\" alt=\"\" class=\"wp-image-189\" style=\"aspect-ratio:2.636914697355706;width:339px;height:auto\"\/><\/figure>\n\n\n\n<h3 class=\"wp-block-heading\"><strong><br>Green Solutions Lab<\/strong><\/h3>\n\n\n\n<p class=\"wp-block-paragraph\">Green Solutions Lab (GSL) jest innowacyjn\u0105 organizacj\u0105 badawczo-doradcz\u0105 dedykowan\u0105 promowaniu zr\u00f3wnowa\u017conego rozwoju poprzez najnowocze\u015bniejsze technologie edukacyjne, rozwi\u0105zania oparte na B+R i transformacj\u0119 cyfrow\u0105.<\/p>\n\n\n\n<p class=\"wp-block-paragraph\">W GSL dzia\u0142amy na styku zr\u00f3wnowa\u017conego rozwoju, edukacji i technologii, opracowuj\u0105c analityk\u0119 opart\u0105 na sztucznej inteligencji, rozszerzon\u0105 rzeczywisto\u015b\u0107 (XR), rzeczywisto\u015b\u0107 rozszerzon\u0105 (AR) i modele uczenia si\u0119 oparte na grywalizacji w celu zwi\u0119kszenia budowania zdolno\u015bci i edukacji cyfrowej. Naszym g\u0142\u00f3wnym celem jest tworzenie innowacyjnych rozwi\u0105za\u0144 edukacyjnych, kt\u00f3re wzmacniaj\u0105 jednostki i organizacje, szczeg\u00f3lnie w zakresie zr\u00f3wnowa\u017conego rozwoju \u015brodowiskowego, gospodarki o obiegu zamkni\u0119tym, dzia\u0142a\u0144 na rzecz klimatu i transformacji cyfrowej.<\/p>\n\n\n\n<p class=\"wp-block-paragraph\">Kluczow\u0105 cz\u0119\u015bci\u0105 naszej misji jest promowanie edukacji w\u0142\u0105czaj\u0105cej i zr\u00f3wnowa\u017conego rozwoju dla grup w niekorzystnej sytuacji. Opracowujemy i wdra\u017camy projekty, kt\u00f3re odpowiadaj\u0105 na potrzeby spo\u0142eczno\u015bci wiejskich, populacji marginalizowanych, kobiet, m\u0142odzie\u017cy i os\u00f3b niepe\u0142nosprawnych, zapewniaj\u0105c r\u00f3wny dost\u0119p do mo\u017cliwo\u015bci uczenia si\u0119 wspieranych technologi\u0105. Poprzez immersyjn\u0105 edukacj\u0119 cyfrow\u0105, narz\u0119dzia uczenia si\u0119 w formie gry i modele szkoleniowe wspierane przez sztuczn\u0105 inteligencj\u0119, wype\u0142niamy luki w umiej\u0119tno\u015bciach, zwi\u0119kszamy zatrudnialno\u015b\u0107 i wzmacniamy spo\u0142eczno\u015bci, aby aktywnie uczestniczy\u0142y w zielonej gospodarce.<\/p>\n\n\n\n<p class=\"wp-block-paragraph\">GSL jest g\u0142\u0119boko zaanga\u017cowany w dzia\u0142ania badawczo-rozwojowe (B+R), wsp\u00f3\u0142pracuj\u0105c z uniwersytetami, gminami, instytucjami UE i o\u015brodkami badawczymi w celu tworzenia skalowalnych, opartych na polityce i zintegrowanych technologicznie rozwi\u0105za\u0144 edukacyjnych. Nasza praca obejmuje wiele sektor\u00f3w, w tym zr\u00f3wnowa\u017cone rolnictwo, umiej\u0119tno\u015bci cyfrowe, czyst\u0105 energi\u0119 i innowacje spo\u0142eczne, wykorzystuj\u0105c sztuczn\u0105 inteligencj\u0119, XR i technologie cyfrowego bli\u017aniaka do wspierania uczenia si\u0119 przez ca\u0142e \u017cycie i rozwoju si\u0142y roboczej w zielonych bran\u017cach.<\/p>\n\n\n\n<p class=\"wp-block-paragraph\">K\u0142adziemy nacisk na transfer wiedzy i podnoszenie umiej\u0119tno\u015bci, organizuj\u0105c mi\u0119dzynarodowe programy szkoleniowe, cyfrowe platformy edukacyjne i interaktywne warsztaty, kt\u00f3re wyposa\u017caj\u0105 profesjonalist\u00f3w, edukator\u00f3w i m\u0142odych innowator\u00f3w w niezb\u0119dne umiej\u0119tno\u015bci na przysz\u0142o\u015b\u0107. Nasze us\u0142ugi doradcze pomagaj\u0105 organizacjom we wdra\u017caniu modeli podejmowania decyzji opartych na sztucznej inteligencji, strategii edukacji cyfrowej w\u0142\u0105czaj\u0105cej i program\u00f3w nauczania skupionych na zr\u00f3wnowa\u017conym rozwoju, zapewniaj\u0105c d\u0142ugoterminowy wp\u0142yw.<\/p>\n\n\n\n<p class=\"wp-block-paragraph\">GSL zbudowa\u0142 siln\u0105 sie\u0107 partner\u00f3w w Europie i na arenie mi\u0119dzynarodowej, wsp\u00f3\u0142pracuj\u0105c z organizacjami pozarz\u0105dowymi, instytucjami badawczymi, firmami z sektora prywatnego i decydentami w celu opracowania technologicznych, spo\u0142ecznie odpowiedzialnych i ekologicznie zr\u00f3wnowa\u017conych rozwi\u0105za\u0144 edukacyjnych. Nasze inicjatywy s\u0105 wdra\u017cane poprzez inkubacj\u0119 projekt\u00f3w, programy akceleracyjne i badania interdyscyplinarne, wspieraj\u0105c wsp\u00f3\u0142prac\u0119 mi\u0119dzy \u015brodowiskiem akademickim, przemys\u0142em i spo\u0142ecze\u0144stwem obywatelskim.<\/p>\n\n\n\n<p class=\"wp-block-paragraph\">Obecnie GSL dzia\u0142a z r\u00f3\u017cnorodnym zespo\u0142em ekspert\u00f3w, w tym badaczy, in\u017cynier\u00f3w, specjalist\u00f3w ds. edukacji cyfrowej i konsultant\u00f3w ds. zr\u00f3wnowa\u017conego rozwoju. Nasza sie\u0107 obejmuje zewn\u0119trznych konsultant\u00f3w, edukator\u00f3w i partner\u00f3w projektowych, kt\u00f3rzy przyczyniaj\u0105 si\u0119 do szerokiego spektrum dzia\u0142a\u0144 B+R i budowania zdolno\u015bci.<\/p>\n\n\n\n<p class=\"wp-block-paragraph\">W centrum wszystkich naszych wysi\u0142k\u00f3w jest zaanga\u017cowanie w zielon\u0105 transformacj\u0119. Czy to poprzez edukacj\u0119 cyfrow\u0105, rozwi\u0105zania oparte na sztucznej inteligencji, czy zr\u00f3wnowa\u017cone innowacje, nasze projekty wyposa\u017caj\u0105 jednostki i instytucje w wiedz\u0119, narz\u0119dzia i strategie niezb\u0119dne do przej\u015bcia w kierunku niskoemisyjnej, zasobowo wydajnej i odpowiedzialnej ekologicznie przysz\u0142o\u015bci.<\/p>\n\n\n\n<p class=\"wp-block-paragraph\">Poprzez nasze podej\u015bcie oparte na badaniach, integracj\u0119 technologii i zaanga\u017cowanie w r\u00f3wno\u015b\u0107 spo\u0142eczn\u0105, GSL kontynuuje rozszerzanie swojego wp\u0142ywu, zapewniaj\u0105c, \u017ce zr\u00f3wnowa\u017cony rozw\u00f3j i innowacje cyfrowe id\u0105 w parze. Nasz\u0105 wizj\u0105 jest stanie si\u0119 wiod\u0105c\u0105 si\u0142\u0105 w edukacji wspomaganej sztuczn\u0105 inteligencj\u0105, zr\u00f3wnowa\u017conym rozwoju i w\u0142\u0105czeniu cyfrowym, nap\u0119dzaj\u0105c m\u0105drzejszy, bardziej zielony i bardziej odporny \u015bwiat.<\/p>\n\n\n\n<p class=\"wp-block-paragraph\"><a href=\"https:\/\/www.gsl.bg\">https:\/\/www.gsl.bg<\/a><\/p>\n\n\n\n<p class=\"wp-block-paragraph\"><\/p>\n","protected":false},"excerpt":{"rendered":"<p>Koordynator Projektu MANS \u2013 Mi\u0119dzynarodowa Akademia Nauk Stosowanych w \u0141om\u017cy Mi\u0119dzynarodowa Akademia Nauk Stosowanych w \u0141om\u017cy (MANS), za\u0142o\u017cona w 1996 roku, jest niepa\u0144stwow\u0105 uczelni\u0105 wy\u017csz\u0105 zlokalizowan\u0105 w \u0141om\u017cy, w Polsce. MANS zapewnia wysokiej jako\u015bci edukacj\u0119 i badania w dziedzinach takich jak Rolnictwo, Piel\u0119gniarstwo, Bezpiecze\u0144stwo Wewn\u0119trzne, Logistyka, Budownictwo i Towaroznawstwo. Instytucja oferuje programy studi\u00f3w licencjackich i [&hellip;]<\/p>\n","protected":false},"author":3,"featured_media":0,"parent":0,"menu_order":0,"comment_status":"closed","ping_status":"closed","template":"","meta":{"_crdt_document":"","footnotes":""},"class_list":["post-521","page","type-page","status-publish","hentry"],"_links":{"self":[{"href":"https:\/\/www.agrivoltages.eu\/index.php\/wp-json\/wp\/v2\/pages\/521","targetHints":{"allow":["GET"]}}],"collection":[{"href":"https:\/\/www.agrivoltages.eu\/index.php\/wp-json\/wp\/v2\/pages"}],"about":[{"href":"https:\/\/www.agrivoltages.eu\/index.php\/wp-json\/wp\/v2\/types\/page"}],"author":[{"embeddable":true,"href":"https:\/\/www.agrivoltages.eu\/index.php\/wp-json\/wp\/v2\/users\/3"}],"replies":[{"embeddable":true,"href":"https:\/\/www.agrivoltages.eu\/index.php\/wp-json\/wp\/v2\/comments?post=521"}],"version-history":[{"count":2,"href":"https:\/\/www.agrivoltages.eu\/index.php\/wp-json\/wp\/v2\/pages\/521\/revisions"}],"predecessor-version":[{"id":524,"href":"https:\/\/www.agrivoltages.eu\/index.php\/wp-json\/wp\/v2\/pages\/521\/revisions\/524"}],"wp:attachment":[{"href":"https:\/\/www.agrivoltages.eu\/index.php\/wp-json\/wp\/v2\/media?parent=521"}],"curies":[{"name":"wp","href":"https:\/\/api.w.org\/{rel}","templated":true}]}}