{"id":508,"date":"2025-12-15T21:54:51","date_gmt":"2025-12-15T20:54:51","guid":{"rendered":"https:\/\/www.agrivoltages.eu\/?page_id=508"},"modified":"2025-12-15T21:54:52","modified_gmt":"2025-12-15T20:54:52","slug":"resultater","status":"publish","type":"page","link":"https:\/\/www.agrivoltages.eu\/index.php\/da\/resultater\/","title":{"rendered":"Resultater"},"content":{"rendered":"\n<details class=\"wp-block-details is-layout-flow wp-block-details-is-layout-flow\"><summary>WP1: PROJEKTSTYRING OG IMPLEMENTERING<\/summary>\n<p class=\"wp-block-paragraph\">Opgave 1.1: Oprettelse og Gennemf\u00f8relse af Tilskudsaftaler\/KOO<\/p>\n\n\n\n<p class=\"wp-block-paragraph\">O1.2: Projektstyring og Koordinering\/KOO<\/p>\n\n\n\n<p class=\"wp-block-paragraph\">O1.3: TPM1 i PL\/KOO+ALLE PARTNERE<\/p>\n\n\n\n<p class=\"wp-block-paragraph\">O1.4: Udvikling af Finansielle og Overv\u00e5gningsrapporter\/RURENER<\/p>\n\n\n\n<p class=\"wp-block-paragraph\">O1.5: Regelm\u00e6ssige Fremskridtsm\u00f8der (Online)\/KOO+ALLE PARTNERE<\/p>\n\n\n\n<p class=\"wp-block-paragraph\">O1.6: Kvalitets- og Effektsikring\/CNR+SDSN<\/p>\n\n\n\n<p class=\"wp-block-paragraph\">O1.7: Inklusions- og Innovationsplan\/SDSN<\/p>\n\n\n\n<p class=\"wp-block-paragraph\">O1.8: Rapporter\/RURENER<\/p>\n\n\n\n<p class=\"wp-block-paragraph\">O1.9: Evalueringsrapporter\/INES+CNR<\/p>\n\n\n\n<p class=\"wp-block-paragraph\">O1.10: Risikostyringsplan\/KOO<\/p>\n<\/details>\n\n\n\n<p class=\"wp-block-paragraph\">LEDER: KOORDINATOR<\/p>\n\n\n\n<p class=\"wp-block-paragraph\">AgriVOLTages-projektets koordinerings- og kommunikationsmekanisme sikrer problemfrit samarbejde, transparent beslutningstagning og effektiv informationsdeling<\/p>\n\n\n\n<hr class=\"wp-block-separator has-alpha-channel-opacity\"\/>\n\n\n\n<p class=\"wp-block-paragraph\"><\/p>\n\n\n\n<details class=\"wp-block-details is-layout-flow wp-block-details-is-layout-flow\"><summary>WP 2: UDVIKLING AF AGRIVOLTAISK VIDENBASE<\/summary>\n<p class=\"wp-block-paragraph\">Opgave 2.1: Arbejdsplan: Design af Indholdsramme og Struktur\/BUU<\/p>\n\n\n\n<p class=\"wp-block-paragraph\">O2.2: Konsultationer med Lokale Ekspertgrupper og Landm\u00e6nd\/BUU+ALLE PARTNERE<\/p>\n\n\n\n<p class=\"wp-block-paragraph\">O2.3: Udvikling af Modul\u00e6rt Tr\u00e6ningsindhold og Vejledninger\/Aarhus+ALLE PARTNERE<\/p>\n\n\n\n<p class=\"wp-block-paragraph\">O2.4: Design af Interaktive Digitale V\u00e6rkt\u00f8jer og Gamification\/GSL+ALLE PARTNERE<\/p>\n\n\n\n<p class=\"wp-block-paragraph\">O2.5: Valideringsaktivitet: TPM2 i Tyrkiet\/BUU+ALLE PARTNERE<\/p>\n\n\n\n<p class=\"wp-block-paragraph\">O2.6: Overs\u00e6ttelse, Lokalisering og Integration i Hybridl\u00e6ringsnetv\u00e6rk\/SDSN+ALLE<\/p>\n<\/details>\n\n\n\n<p class=\"wp-block-paragraph\">LEDER: BUU, MEDLEDER: AARHUS<\/p>\n\n\n\n<p class=\"wp-block-paragraph\">M\u00e5let med WP2 er at udvikle en struktureret, modul\u00e6r og tilg\u00e6ngelig videnbase, der giver teoretisk og praktisk tr\u00e6ning om agrivoltaiske systemer til landm\u00e6nd, VET-fagfolk og landbrugsinteressenter. Mangel p\u00e5 tr\u00e6ning begr\u00e6nser agrivoltaisk adoption og v\u00e6kst.<\/p>\n\n\n\n<hr class=\"wp-block-separator has-alpha-channel-opacity\"\/>\n\n\n\n<details class=\"wp-block-details is-layout-flow wp-block-details-is-layout-flow\"><summary>WP3: INTERAKTIVE SCENARIER OG VR-TESTMILJ\u00d8ER<\/summary>\n<p class=\"wp-block-paragraph\">Opgave 3.1: Handlingsplan, Retningslinjer og Skabeloner\/GSL<\/p>\n\n\n\n<p class=\"wp-block-paragraph\">O3.2: L\u00e6ringsbehov og Scenariedesignramme\/RURENER+ALLE PARTNERE<\/p>\n\n\n\n<p class=\"wp-block-paragraph\">O3.3: Udvikling af Interaktive Agrivoltaiske Scenarier\/GSL+ALLE PARTNERE<\/p>\n\n\n\n<p class=\"wp-block-paragraph\">O3.4: Udvikling af VR-Milj\u00f8 og Teknisk Integration og VR-Tr\u00e6ningss\u00e6t\/GSL<\/p>\n\n\n\n<p class=\"wp-block-paragraph\">O3.5: Pilottest og Evaluering med M\u00e5lgrupper\/Feltbes\u00f8g i Italien\/CNR+ALLE PARTNERE<\/p>\n\n\n\n<p class=\"wp-block-paragraph\">O3.6: Lokalisering og Flersproget Support til VR-Tr\u00e6ning\/CNR+ALLE PARTNERE<\/p>\n\n\n\n<p class=\"wp-block-paragraph\">O3.7: Implementering, Formidling og \u00c5ben Adgang\/GSL+ALLE PARTNERE<\/p>\n<\/details>\n\n\n\n<p class=\"wp-block-paragraph\">LEDER: GSL, MEDLEDER: CNR<\/p>\n\n\n\n<p class=\"wp-block-paragraph\">WP3 sigter mod at bygge bro mellem teoretisk l\u00e6ring og praktisk praksis ved at levere en risikofri, skalerbar og engagerende l\u00e6ringsoplevelse for landm\u00e6nd, VET-studerende\/fagfolk og brancheprofessionelle.<\/p>\n\n\n\n<hr class=\"wp-block-separator has-alpha-channel-opacity\"\/>\n\n\n\n<details class=\"wp-block-details is-layout-flow wp-block-details-is-layout-flow\"><summary>WP4: HYBRID AGRIVOLTAISK L\u00c6RINGSNETV\u00c6RK<\/summary>\n<p class=\"wp-block-paragraph\">Opgave 4.1 Design af Hybridl\u00e6ringsmodellen\/SDSN<\/p>\n\n\n\n<p class=\"wp-block-paragraph\">O4.2: Udvikling af Digital L\u00e6ringsplatform\/SDSN<\/p>\n\n\n\n<p class=\"wp-block-paragraph\">UNDEROPGAVE 4.2.1: Landmand-Tjenesteudbyder Katalog\/GSL+ALLE PARTNERE<\/p>\n\n\n\n<p class=\"wp-block-paragraph\">UNDEROPGAVE 4.2.2: AI Chatbot Integration\/SDSN<\/p>\n\n\n\n<p class=\"wp-block-paragraph\">O4.3: TPM3 i Danmark\/AARHUS+ALLE PARTNERE<\/p>\n\n\n\n<p class=\"wp-block-paragraph\">O4.4: Interaktiv L\u00e6ring: Peer Learning og Mentorprogram samt Ekspert Sp\u00f8rgsm\u00e5l og Svar\/GSL+ALLE PARTNERE<\/p>\n\n\n\n<p class=\"wp-block-paragraph\">O4.5: Koordinering af Feltbes\u00f8g og Praktiske L\u00e6ringsmuligheder i DK\/AARHUS+ALLE PARTNERE<\/p>\n\n\n\n<p class=\"wp-block-paragraph\">O4.6: B\u00e6redygtighedsplan og Netv\u00e6rksudvidelsesstrategi\/SDSN+ALLE PARTNERE<\/p>\n<\/details>\n\n\n\n<p class=\"wp-block-paragraph\">LEDER: SDSN, MEDLEDER: GSL<\/p>\n\n\n\n<p class=\"wp-block-paragraph\">M\u00e5let med WP4 er at skabe og udvikle et struktureret, interaktivt og tilg\u00e6ngeligt hybridl\u00e6rings\u00f8kosystem, der integrerer digital l\u00e6ring, virkelige landbrugsapplikationer og samarbejdsdrevet vidensdeling, som supplerer de uddannelsesm\u00e6ssige og praktiske komponenter i WP2 og WP3.<\/p>\n\n\n\n<hr class=\"wp-block-separator has-alpha-channel-opacity\"\/>\n\n\n\n<p class=\"wp-block-paragraph\"><\/p>\n\n\n\n<details class=\"wp-block-details is-layout-flow wp-block-details-is-layout-flow\"><summary>WP5: FORMIDLING OG B\u00c6REDYGTIGHED<\/summary>\n<p class=\"wp-block-paragraph\">Opgave 5.1: Udvikling af Formidlings- og Kommunikationsstrategi-CNR+ALLE PARTNERE<\/p>\n\n\n\n<p class=\"wp-block-paragraph\">O5.2: Oprettelse af Kampagnematerialer og Digitalt Indhold\/CNR+ALLE PARTNERE<\/p>\n\n\n\n<p class=\"wp-block-paragraph\">O5.3: AgriVOLTages Kommunikationsv\u00e6rkt\u00f8jer\/SDSN+ALLE PARTNERE<\/p>\n\n\n\n<p class=\"wp-block-paragraph\">O5.4: Indholdsoprettelse og Ops\u00f8gende Arbejde\/CNR+ALLE PARTNERE<\/p>\n\n\n\n<p class=\"wp-block-paragraph\">O5.5: TPM4 og B\u00e6redygtighedsworkshop i BE\/SDSN+ALLE PARTNERE<\/p>\n\n\n\n<p class=\"wp-block-paragraph\">O5.6: Multiplikatorarrangementer og Webinarer og Opm\u00e6rksomhedsdage og AgriVOLTages Verdenskonference 2025 og Afsluttende Konference\/BUU+ALLE PARTNERE<\/p>\n\n\n\n<p class=\"wp-block-paragraph\">O5.7: Formidlingsrapportering\/CNR+ALLE PARTNERE<\/p>\n\n\n\n<p class=\"wp-block-paragraph\">O5.8: Udvikling af B\u00e6redygtigheds- og Anvendelsesplan\/AAR<\/p>\n<\/details>\n\n\n\n<p class=\"wp-block-paragraph\">LEDER: CNR, MEDLEDER: SDSN<\/p>\n\n\n\n<p class=\"wp-block-paragraph\">M\u00e5let med WP5 er at designe og implementere en inklusiv, m\u00e5lrettet formidlingsstrategi for at maksimere synligheden, r\u00e6kkevidden og b\u00e6redygtigheden af AgriVOLTages-projektresultaterne.<\/p>\n","protected":false},"excerpt":{"rendered":"<p>LEDER: KOORDINATOR AgriVOLTages-projektets koordinerings- og kommunikationsmekanisme sikrer problemfrit samarbejde, transparent beslutningstagning og effektiv informationsdeling LEDER: BUU, MEDLEDER: AARHUS M\u00e5let med WP2 er at udvikle en struktureret, modul\u00e6r og tilg\u00e6ngelig videnbase, der giver teoretisk og praktisk tr\u00e6ning om agrivoltaiske systemer til landm\u00e6nd, VET-fagfolk og landbrugsinteressenter. Mangel p\u00e5 tr\u00e6ning begr\u00e6nser agrivoltaisk adoption og v\u00e6kst. LEDER: GSL, MEDLEDER: [&hellip;]<\/p>\n","protected":false},"author":3,"featured_media":0,"parent":0,"menu_order":0,"comment_status":"closed","ping_status":"closed","template":"","meta":{"_crdt_document":"","footnotes":""},"class_list":["post-508","page","type-page","status-publish","hentry"],"_links":{"self":[{"href":"https:\/\/www.agrivoltages.eu\/index.php\/wp-json\/wp\/v2\/pages\/508","targetHints":{"allow":["GET"]}}],"collection":[{"href":"https:\/\/www.agrivoltages.eu\/index.php\/wp-json\/wp\/v2\/pages"}],"about":[{"href":"https:\/\/www.agrivoltages.eu\/index.php\/wp-json\/wp\/v2\/types\/page"}],"author":[{"embeddable":true,"href":"https:\/\/www.agrivoltages.eu\/index.php\/wp-json\/wp\/v2\/users\/3"}],"replies":[{"embeddable":true,"href":"https:\/\/www.agrivoltages.eu\/index.php\/wp-json\/wp\/v2\/comments?post=508"}],"version-history":[{"count":1,"href":"https:\/\/www.agrivoltages.eu\/index.php\/wp-json\/wp\/v2\/pages\/508\/revisions"}],"predecessor-version":[{"id":509,"href":"https:\/\/www.agrivoltages.eu\/index.php\/wp-json\/wp\/v2\/pages\/508\/revisions\/509"}],"wp:attachment":[{"href":"https:\/\/www.agrivoltages.eu\/index.php\/wp-json\/wp\/v2\/media?parent=508"}],"curies":[{"name":"wp","href":"https:\/\/api.w.org\/{rel}","templated":true}]}}