{"id":506,"date":"2025-12-15T21:52:12","date_gmt":"2025-12-15T20:52:12","guid":{"rendered":"https:\/\/www.agrivoltages.eu\/?page_id=506"},"modified":"2025-12-15T22:50:05","modified_gmt":"2025-12-15T21:50:05","slug":"wyniki","status":"publish","type":"page","link":"https:\/\/www.agrivoltages.eu\/index.php\/pl\/wyniki\/","title":{"rendered":"Wyniki"},"content":{"rendered":"\n<details class=\"wp-block-details is-layout-flow wp-block-details-is-layout-flow\"><summary>WP1: ZARZ\u0104DZANIE I REALIZACJA PROJEKTU<\/summary>\n<p class=\"wp-block-paragraph\">Zadanie 1.1: Utworzenie i Uko\u0144czenie Um\u00f3w Dotacyjnych\/KOORDYNATOR<\/p>\n\n\n\n<p class=\"wp-block-paragraph\">Z1.2: Zarz\u0105dzanie Projektem i Koordynacja\/KOORDYNATOR<\/p>\n\n\n\n<p class=\"wp-block-paragraph\">Z1.3: TPM1 w PL\/KOORDYNATOR+WSZYSCY PARTNERZY<\/p>\n\n\n\n<p class=\"wp-block-paragraph\">Z1.4: Opracowanie Raport\u00f3w Finansowych i Monitoruj\u0105cych\/RURENER<\/p>\n\n\n\n<p class=\"wp-block-paragraph\">Z1.5: Regularne Spotkania Post\u0119p\u00f3w (Online)\/KOORDYNATOR+WSZYSCY PARTNERZY<\/p>\n\n\n\n<p class=\"wp-block-paragraph\">Z1.6: Zapewnienie Jako\u015bci i Wp\u0142ywu\/CNR+SDSN<\/p>\n\n\n\n<p class=\"wp-block-paragraph\">Z1.7: Plan W\u0142\u0105czenia i Innowacji\/SDSN<\/p>\n\n\n\n<p class=\"wp-block-paragraph\">Z1.8: Raporty\/RURENER<\/p>\n\n\n\n<p class=\"wp-block-paragraph\">Z1.9: Raporty Ewaluacyjne\/INES+CNR<\/p>\n\n\n\n<p class=\"wp-block-paragraph\">Z1.10: Plan Zarz\u0105dzania Ryzykiem\/KOORDYNATOR<\/p>\n<\/details>\n\n\n\n<p class=\"wp-block-paragraph\">LIDER: KOORDYNATOR<\/p>\n\n\n\n<p class=\"wp-block-paragraph\">Mechanizm koordynacji i komunikacji projektu AgriVOLTages zapewnia p\u0142ynn\u0105 wsp\u00f3\u0142prac\u0119, przejrzyste podejmowanie decyzji i skuteczn\u0105 wymian\u0119 informacji<\/p>\n\n\n\n<hr class=\"wp-block-separator has-alpha-channel-opacity\"\/>\n\n\n\n<p class=\"wp-block-paragraph\"><\/p>\n\n\n\n<details class=\"wp-block-details is-layout-flow wp-block-details-is-layout-flow\"><summary>WP 2: ROZW\u00d3J BAZY WIEDZY AGRIWOLTAICZNEJ<\/summary>\n<p class=\"wp-block-paragraph\">Zadanie 2.1: Plan Pracy: Projektowanie Struktury i Ram Tre\u015bci\/BUU<\/p>\n\n\n\n<p class=\"wp-block-paragraph\">Z2.2: Konsultacje z Lokalnymi Grupami Ekspert\u00f3w i Rolnikami\/BUU+WSZYSCY PARTNERZY<\/p>\n\n\n\n<p class=\"wp-block-paragraph\">Z2.3: Rozw\u00f3j Modu\u0142owych Tre\u015bci Szkoleniowych i Przewodnik\u00f3w\/Aarhus+WSZYSCY PARTNERZY<\/p>\n\n\n\n<p class=\"wp-block-paragraph\">Z2.4: Projektowanie Interaktywnych Narz\u0119dzi Cyfrowych i Grywalizacji\/GSL+WSZYSCY PARTNERZY<\/p>\n\n\n\n<p class=\"wp-block-paragraph\">Z2.5: Dzia\u0142ania Walidacyjne: TPM2 w Turcji\/BUU+WSZYSCY PARTNERZY<\/p>\n\n\n\n<p class=\"wp-block-paragraph\">Z2.6: T\u0142umaczenie, Lokalizacja i Integracja z Hybrydow\u0105 Sieci\u0105 Uczenia si\u0119\/SDSN+WSZYSCY<\/p>\n<\/details>\n\n\n\n<p class=\"wp-block-paragraph\">LIDER: BUU, WSP\u00d3\u0141LIDER: AARHUS<\/p>\n\n\n\n<p class=\"wp-block-paragraph\">Celem WP2 jest opracowanie uporz\u0105dkowanej, modu\u0142owej i dost\u0119pnej bazy wiedzy, kt\u00f3ra zapewnia teoretyczne i praktyczne szkolenie z zakresu system\u00f3w agriwoltaicznych dla rolnik\u00f3w, specjalist\u00f3w VET i interesariuszy rolniczych. Brak szkole\u0144 ogranicza przyj\u0119cie i rozw\u00f3j agriwoltaiki.<\/p>\n\n\n\n<hr class=\"wp-block-separator has-alpha-channel-opacity\"\/>\n\n\n\n<p class=\"wp-block-paragraph\">Zadanie 3.1: Plan Dzia\u0142ania, Wytyczne i Szablony\/GSL<\/p>\n\n\n\n<details class=\"wp-block-details is-layout-flow wp-block-details-is-layout-flow\"><summary>WP3: INTERAKTYWNE SCENARIUSZE I \u015aRODOWISKA TESTOWE VR<\/summary>\n<p class=\"wp-block-paragraph\">Z3.2: Potrzeby Uczenia si\u0119 i Ramy Projektowania Scenariuszy\/RURENER+WSZYSCY PARTNERZY<\/p>\n\n\n\n<p class=\"wp-block-paragraph\">Z3.3: Rozw\u00f3j Interaktywnych Scenariuszy Agriwoltaicznych\/GSL+WSZYSCY PARTNERZY<\/p>\n\n\n\n<p class=\"wp-block-paragraph\">Z3.4: Rozw\u00f3j \u015arodowiska VR i Integracja Techniczna oraz Zestaw Szkoleniowy VR\/GSL<\/p>\n\n\n\n<p class=\"wp-block-paragraph\">Z3.5: Testowanie Pilota\u017cowe i Ewaluacja z Grupami Docelowymi\/Wizyta Terenowa we W\u0142oszech\/CNR+WSZYSCY PARTNERZY<\/p>\n\n\n\n<p class=\"wp-block-paragraph\">Z3.6: Lokalizacja i Wsparcie Wieloj\u0119zyczne dla Szkole\u0144 VR\/CNR+WSZYSCY PARTNERZY<\/p>\n\n\n\n<p class=\"wp-block-paragraph\">Z3.7: Wdro\u017cenie, Rozpowszechnianie i Otwarty Dost\u0119p\/GSL+WSZYSCY PARTNERZY<\/p>\n<\/details>\n\n\n\n<p class=\"wp-block-paragraph\">LIDER: GSL, WSP\u00d3\u0141LIDER: CNR<\/p>\n\n\n\n<p class=\"wp-block-paragraph\">WP3 ma na celu wype\u0142nienie luki mi\u0119dzy nauk\u0105 teoretyczn\u0105 a praktyk\u0105 poprzez zapewnienie bezpiecznego, skalowalnego i anga\u017cuj\u0105cego do\u015bwiadczenia edukacyjnego dla rolnik\u00f3w, student\u00f3w\/specjalist\u00f3w VET i profesjonalist\u00f3w z bran\u017cy.<\/p>\n\n\n\n<hr class=\"wp-block-separator has-alpha-channel-opacity\"\/>\n\n\n\n<details class=\"wp-block-details is-layout-flow wp-block-details-is-layout-flow\"><summary>WP4: HYBRYDOWA SIE\u0106 UCZENIA SI\u0118 AGRIWOLTAICZNEGO<\/summary>\n<p class=\"wp-block-paragraph\">Zadanie 4.1 Projektowanie Modelu Uczenia si\u0119 Hybrydowego\/SDSN<\/p>\n\n\n\n<p class=\"wp-block-paragraph\">Z4.2: Rozw\u00f3j Cyfrowej Platformy Uczenia si\u0119\/SDSN<\/p>\n\n\n\n<p class=\"wp-block-paragraph\">PODZADANIE 4.2.1: Katalog Rolnik-Dostawca Us\u0142ug\/GSL+WSZYSCY PARTNERZY<\/p>\n\n\n\n<p class=\"wp-block-paragraph\">PODZADANIE 4.2.2: Integracja Chatbota AI\/SDSN<\/p>\n\n\n\n<p class=\"wp-block-paragraph\">Z4.3: TPM3 w Danii\/AARHUS+WSZYSCY PARTNERZY<\/p>\n\n\n\n<p class=\"wp-block-paragraph\">Z4.4: Interaktywne Uczenie si\u0119: Program Uczenia si\u0119 R\u00f3wie\u015bniczego i Mentoring oraz Pytania i Odpowiedzi Ekspert\u00f3w\/GSL+WSZYSCY PARTNERZY<\/p>\n\n\n\n<p class=\"wp-block-paragraph\">Z4.5: Koordynacja Wizyt Terenowych i Mo\u017cliwo\u015bci Praktycznego Uczenia si\u0119 w DK\/AARHUS+WSZYSCY PARTNERZY<\/p>\n\n\n\n<p class=\"wp-block-paragraph\">Z4.6: Plan Zr\u00f3wnowa\u017conego Rozwoju i Strategia Rozszerzenia Sieci\/SDSN+WSZYSCY PARTNERZY<\/p>\n<\/details>\n\n\n\n<p class=\"wp-block-paragraph\">LIDER: SDSN, WSP\u00d3\u0141LIDER: GSL<\/p>\n\n\n\n<p class=\"wp-block-paragraph\">Celem WP4 jest stworzenie i rozwini\u0119cie uporz\u0105dkowanego, interaktywnego i dost\u0119pnego hybrydowego ekosystemu uczenia si\u0119, kt\u00f3ry integruje nauk\u0119 cyfrow\u0105, rzeczywiste zastosowania rolnicze i wsp\u00f3lne dzielenie si\u0119 wiedz\u0105, uzupe\u0142niaj\u0105c komponenty edukacyjne i praktyczne WP2 i WP3.<\/p>\n\n\n\n<hr class=\"wp-block-separator has-alpha-channel-opacity\"\/>\n\n\n\n<details class=\"wp-block-details is-layout-flow wp-block-details-is-layout-flow\"><summary>WP5: ROZPOWSZECHNIANIE I ZR\u00d3WNOWA\u017bONY ROZW\u00d3J<\/summary>\n<p class=\"wp-block-paragraph\">Zadanie 5.1: Opracowanie Strategii Rozpowszechniania i Komunikacji-CNR+WSZYSCY PARTNERZY<\/p>\n\n\n\n<p class=\"wp-block-paragraph\">Z5.2: Tworzenie Materia\u0142\u00f3w Promocyjnych i Tre\u015bci Cyfrowych\/CNR+WSZYSCY PARTNERZY<\/p>\n\n\n\n<p class=\"wp-block-paragraph\">Z5.3: Narz\u0119dzia Komunikacyjne AgriVOLTages\/SDSN+WSZYSCY PARTNERZY<\/p>\n\n\n\n<p class=\"wp-block-paragraph\">Z5.4: Tworzenie Tre\u015bci i Dzia\u0142ania Informacyjne\/CNR+WSZYSCY PARTNERZY<\/p>\n\n\n\n<p class=\"wp-block-paragraph\">Z5.5: TPM4 i Warsztat Zr\u00f3wnowa\u017conego Rozwoju w BE\/SDSN+WSZYSCY PARTNERZY<\/p>\n\n\n\n<p class=\"wp-block-paragraph\">Z5.6: Eventi Multiplikatorowe i Webinary oraz Dni \u015awiadomo\u015bci i \u015awiatowa Konferencja AgriVOLTages 2025 oraz Konferencja Ko\u0144cowa\/BUU+WSZYSCY PARTNERZY<\/p>\n\n\n\n<p class=\"wp-block-paragraph\">Z5.7: Raportowanie Rozpowszechniania\/CNR+WSZYSCY PARTNERZY<\/p>\n\n\n\n<p class=\"wp-block-paragraph\">Z5.8: Opracowanie Planu Zr\u00f3wnowa\u017conego Rozwoju i Wykorzystania\/AAR<\/p>\n<\/details>\n\n\n\n<p class=\"wp-block-paragraph\">LIDER: CNR, WSP\u00d3\u0141LIDER: SDSN<\/p>\n\n\n\n<p class=\"wp-block-paragraph\">Celem WP5 jest zaprojektowanie i wdro\u017cenie w\u0142\u0105czaj\u0105cej, ukierunkowanej strategii rozpowszechniania w celu maksymalizacji widoczno\u015bci, zasi\u0119gu i trwa\u0142o\u015bci wynik\u00f3w projektu AgriVOLTages.<\/p>\n","protected":false},"excerpt":{"rendered":"<p>LIDER: KOORDYNATOR Mechanizm koordynacji i komunikacji projektu AgriVOLTages zapewnia p\u0142ynn\u0105 wsp\u00f3\u0142prac\u0119, przejrzyste podejmowanie decyzji i skuteczn\u0105 wymian\u0119 informacji LIDER: BUU, WSP\u00d3\u0141LIDER: AARHUS Celem WP2 jest opracowanie uporz\u0105dkowanej, modu\u0142owej i dost\u0119pnej bazy wiedzy, kt\u00f3ra zapewnia teoretyczne i praktyczne szkolenie z zakresu system\u00f3w agriwoltaicznych dla rolnik\u00f3w, specjalist\u00f3w VET i interesariuszy rolniczych. Brak szkole\u0144 ogranicza przyj\u0119cie i rozw\u00f3j [&hellip;]<\/p>\n","protected":false},"author":3,"featured_media":0,"parent":0,"menu_order":0,"comment_status":"closed","ping_status":"closed","template":"","meta":{"_crdt_document":"","footnotes":""},"class_list":["post-506","page","type-page","status-publish","hentry"],"_links":{"self":[{"href":"https:\/\/www.agrivoltages.eu\/index.php\/wp-json\/wp\/v2\/pages\/506","targetHints":{"allow":["GET"]}}],"collection":[{"href":"https:\/\/www.agrivoltages.eu\/index.php\/wp-json\/wp\/v2\/pages"}],"about":[{"href":"https:\/\/www.agrivoltages.eu\/index.php\/wp-json\/wp\/v2\/types\/page"}],"author":[{"embeddable":true,"href":"https:\/\/www.agrivoltages.eu\/index.php\/wp-json\/wp\/v2\/users\/3"}],"replies":[{"embeddable":true,"href":"https:\/\/www.agrivoltages.eu\/index.php\/wp-json\/wp\/v2\/comments?post=506"}],"version-history":[{"count":2,"href":"https:\/\/www.agrivoltages.eu\/index.php\/wp-json\/wp\/v2\/pages\/506\/revisions"}],"predecessor-version":[{"id":541,"href":"https:\/\/www.agrivoltages.eu\/index.php\/wp-json\/wp\/v2\/pages\/506\/revisions\/541"}],"wp:attachment":[{"href":"https:\/\/www.agrivoltages.eu\/index.php\/wp-json\/wp\/v2\/media?parent=506"}],"curies":[{"name":"wp","href":"https:\/\/api.w.org\/{rel}","templated":true}]}}