{"id":504,"date":"2025-12-15T21:48:24","date_gmt":"2025-12-15T20:48:24","guid":{"rendered":"https:\/\/www.agrivoltages.eu\/?page_id=504"},"modified":"2025-12-15T21:48:25","modified_gmt":"2025-12-15T20:48:25","slug":"sonuclar","status":"publish","type":"page","link":"https:\/\/www.agrivoltages.eu\/index.php\/tr\/sonuclar\/","title":{"rendered":"Sonu\u00e7lar"},"content":{"rendered":"\n<details class=\"wp-block-details is-layout-flow wp-block-details-is-layout-flow\"><summary>WP1: PROJE Y\u00d6NET\u0130M\u0130 VE UYGULAMASI<\/summary>\n<ul class=\"wp-block-list\">\n<li>G\u00f6rev 1.1: Hibe Anla\u015fmalar\u0131n\u0131n Olu\u015fturulmas\u0131 ve Tamamlanmas\u0131\/KOORD\u0130NAT\u00d6R<\/li>\n\n\n\n<li>G1.2: Proje Y\u00f6netimi ve Koordinasyonu\/KOORD\u0130NAT\u00d6R<\/li>\n\n\n\n<li>G1.3: PL&#8217;de TPM1\/KOORD\u0130NAT\u00d6R+T\u00dcM ORTAKLAR<\/li>\n\n\n\n<li>G1.4: Mali ve \u0130zleme Raporlar\u0131n\u0131n Geli\u015ftirilmesi\/RURENER<\/li>\n\n\n\n<li>G1.5: D\u00fczenli \u0130lerleme Toplant\u0131lar\u0131 (\u00c7evrimi\u00e7i)\/KOORD\u0130NAT\u00d6R+T\u00dcM ORTAKLAR<\/li>\n\n\n\n<li>G1.6: Kalite ve Etki G\u00fcvencesi\/CNR+SDSN<\/li>\n\n\n\n<li>G1.7: Kapsay\u0131c\u0131l\u0131k ve \u0130novasyon Plan\u0131\/SDSN<\/li>\n\n\n\n<li>G1.8: Raporlar\/RURENER<\/li>\n\n\n\n<li>G1.9: De\u011ferlendirme Raporlar\u0131\/INES+CNR<\/li>\n\n\n\n<li>G1.10: Risk Y\u00f6netim Plan\u0131\/KOORD\u0130NAT\u00d6R<\/li>\n<\/ul>\n<\/details>\n\n\n\n<p class=\"wp-block-paragraph\">L\u0130DER: KOORD\u0130NAT\u00d6R<\/p>\n\n\n\n<p class=\"wp-block-paragraph\">AgriVOLTages projesinin koordinasyon ve ileti\u015fim mekanizmas\u0131, kesintisiz i\u015fbirli\u011fi, \u015feffaf karar alma ve etkili bilgi payla\u015f\u0131m\u0131n\u0131 sa\u011flar<\/p>\n\n\n\n<hr class=\"wp-block-separator has-alpha-channel-opacity\"\/>\n\n\n\n<p class=\"wp-block-paragraph\"><\/p>\n\n\n\n<details class=\"wp-block-details is-layout-flow wp-block-details-is-layout-flow\"><summary>WP 2: AGR\u0130VOLTA\u0130K B\u0130LG\u0130 TABANI GEL\u0130\u015eT\u0130RME<\/summary>\n<p class=\"wp-block-paragraph\">G\u00f6rev 2.1: \u00c7al\u0131\u015fma Plan\u0131: \u0130\u00e7erik \u00c7er\u00e7evesi ve Yap\u0131 Tasar\u0131m\u0131\/BUU<\/p>\n\n\n\n<p class=\"wp-block-paragraph\">G2.2: Yerel Uzman Gruplar\u0131 ve \u00c7ift\u00e7ilerle \u0130sti\u015fareler\/BUU+T\u00dcM ORTAKLAR<\/p>\n\n\n\n<p class=\"wp-block-paragraph\">G2.3: Mod\u00fcler E\u011fitim \u0130\u00e7eri\u011fi ve K\u0131lavuzlar\u0131n Geli\u015ftirilmesi\/Aarhus+T\u00dcM ORTAKLAR<\/p>\n\n\n\n<p class=\"wp-block-paragraph\">G2.4: Etkile\u015fimli Dijital Ara\u00e7lar ve Oyunla\u015ft\u0131rma Tasar\u0131m\u0131\/GSL+T\u00dcM ORTAKLAR<\/p>\n\n\n\n<p class=\"wp-block-paragraph\">G2.5: Do\u011frulama Faaliyeti: T\u00fcrkiye&#8217;de TPM2\/BUU+T\u00dcM ORTAKLAR<\/p>\n\n\n\n<p class=\"wp-block-paragraph\">G2.6: \u00c7eviri, Yerelle\u015ftirme ve Hibrit \u00d6\u011frenme A\u011f\u0131na Entegrasyon\/SDSN+T\u00dcM\u00dc<\/p>\n<\/details>\n\n\n\n<p class=\"wp-block-paragraph\">L\u0130DER: BUU, E\u015e L\u0130DER: AARHUS<\/p>\n\n\n\n<p class=\"wp-block-paragraph\">WP2&#8217;nin amac\u0131, \u00e7ift\u00e7ilere, VET profesyonellerine ve tar\u0131msal payda\u015flara agrivoltaik sistemler hakk\u0131nda teorik ve pratik e\u011fitim sa\u011flayan yap\u0131land\u0131r\u0131lm\u0131\u015f, mod\u00fcler ve eri\u015filebilir bir bilgi taban\u0131 geli\u015ftirmektir. E\u011fitim eksikli\u011fi agrivoltaik benimsenmesini ve b\u00fcy\u00fcmesini s\u0131n\u0131rlar.<\/p>\n\n\n\n<hr class=\"wp-block-separator has-alpha-channel-opacity\"\/>\n\n\n\n<p class=\"wp-block-paragraph\"><\/p>\n\n\n\n<details class=\"wp-block-details is-layout-flow wp-block-details-is-layout-flow\"><summary>WP3: ETK\u0130LE\u015e\u0130ML\u0130 SENARYOLAR VE VR TEST ORTAMLARI<\/summary>\n<p class=\"wp-block-paragraph\">G\u00f6rev 3.1: Eylem Plan\u0131, K\u0131lavuz ve \u015eablonlar\/GSL<\/p>\n\n\n\n<p class=\"wp-block-paragraph\">G3.2: \u00d6\u011frenme \u0130htiya\u00e7lar\u0131 ve Senaryo Tasar\u0131m \u00c7er\u00e7evesi\/RURENER+T\u00dcM ORTAKLAR<\/p>\n\n\n\n<p class=\"wp-block-paragraph\">G3.3: Etkile\u015fimli Agrivoltaik Senaryolar\u0131n Geli\u015ftirilmesi\/GSL+T\u00dcM ORTAKLAR<\/p>\n\n\n\n<p class=\"wp-block-paragraph\">G3.4: VR Ortam\u0131n\u0131n Geli\u015ftirilmesi ve Teknik Entegrasyon ve VR E\u011fitim Kiti\/GSL<\/p>\n\n\n\n<p class=\"wp-block-paragraph\">G3.5: Hedef Gruplarla Pilot Test ve De\u011ferlendirme\/\u0130talya&#8217;da Saha Ziyareti\/CNR+T\u00dcM ORTAKLAR<\/p>\n\n\n\n<p class=\"wp-block-paragraph\">G3.6: VR E\u011fitimi i\u00e7in Yerelle\u015ftirme ve \u00c7ok Dilli Destek\/CNR+T\u00dcM ORTAKLAR<\/p>\n\n\n\n<p class=\"wp-block-paragraph\">G3.7: Da\u011f\u0131t\u0131m, Yay\u0131l\u0131m ve A\u00e7\u0131k Eri\u015fim\/GSL+T\u00dcM ORTAKLAR<\/p>\n<\/details>\n\n\n\n<p class=\"wp-block-paragraph\">L\u0130DER: GSL, E\u015e L\u0130DER: CNR<\/p>\n\n\n\n<p class=\"wp-block-paragraph\">WP3, \u00e7ift\u00e7iler, VET \u00f6\u011frencileri\/profesyonelleri ve sekt\u00f6r profesyonelleri i\u00e7in risksiz, \u00f6l\u00e7eklenebilir ve ilgi \u00e7ekici bir \u00f6\u011frenme deneyimi sa\u011flayarak teorik \u00f6\u011frenme ile uygulamal\u0131 pratik aras\u0131ndaki bo\u015flu\u011fu doldurmay\u0131 ama\u00e7lar.<\/p>\n\n\n\n<hr class=\"wp-block-separator has-alpha-channel-opacity\"\/>\n\n\n\n<p class=\"wp-block-paragraph\"><\/p>\n\n\n\n<details class=\"wp-block-details is-layout-flow wp-block-details-is-layout-flow\"><summary>WP4: H\u0130BR\u0130T AGR\u0130VOLTA\u0130K \u00d6\u011eRENME A\u011eI<\/summary>\n<p class=\"wp-block-paragraph\">G\u00f6rev 4.1 Hibrit \u00d6\u011frenme Modelinin Tasar\u0131m\u0131\/SDSN<\/p>\n\n\n\n<p class=\"wp-block-paragraph\">G4.2: Dijital \u00d6\u011frenme Platformunun Geli\u015ftirilmesi\/SDSN<\/p>\n\n\n\n<p class=\"wp-block-paragraph\">ALT G\u00d6REV 4.2.1: \u00c7ift\u00e7i-Hizmet Sa\u011flay\u0131c\u0131 Dizini\/GSL+T\u00dcM ORTAKLAR<\/p>\n\n\n\n<p class=\"wp-block-paragraph\">ALT G\u00d6REV 4.2.2: Yapay Zeka Sohbet Robotu Entegrasyonu\/SDSN<\/p>\n\n\n\n<p class=\"wp-block-paragraph\">G4.3: Danimarka&#8217;da TPM3\/AARHUS+T\u00dcM ORTAKLAR<\/p>\n\n\n\n<p class=\"wp-block-paragraph\">G4.4: Etkile\u015fimli \u00d6\u011frenme: Akran \u00d6\u011frenimi ve Mentorluk Program\u0131 ve Uzman Soru-Cevap\/GSL+T\u00dcM ORTAKLAR<\/p>\n\n\n\n<p class=\"wp-block-paragraph\">G4.5: Saha Ziyareti Koordinasyonu ve DK&#8217;da Pratik \u00d6\u011frenme F\u0131rsatlar\u0131\/AARHUS+T\u00dcM ORTAKLAR<\/p>\n\n\n\n<p class=\"wp-block-paragraph\">G4.6: S\u00fcrd\u00fcr\u00fclebilirlik Plan\u0131 ve A\u011f Geni\u015fleme Stratejisi\/SDSN+T\u00dcM ORTAKLAR<\/p>\n<\/details>\n\n\n\n<p class=\"wp-block-paragraph\">L\u0130DER: SDSN, E\u015e L\u0130DER: GSL<\/p>\n\n\n\n<p class=\"wp-block-paragraph\">WP4&#8217;\u00fcn amac\u0131, dijital \u00f6\u011frenmeyi, ger\u00e7ek d\u00fcnya tar\u0131msal uygulamalar\u0131n\u0131 ve i\u015fbirlik\u00e7i bilgi payla\u015f\u0131m\u0131n\u0131 entegre eden, WP2 ve WP3&#8217;\u00fcn e\u011fitim ve pratik bile\u015fenlerini tamamlayan yap\u0131land\u0131r\u0131lm\u0131\u015f, etkile\u015fimli ve eri\u015filebilir bir hibrit \u00f6\u011frenme ekosistemi olu\u015fturmak ve geli\u015ftirmektir.<\/p>\n\n\n\n<hr class=\"wp-block-separator has-alpha-channel-opacity\"\/>\n\n\n\n<p class=\"wp-block-paragraph\"><\/p>\n\n\n\n<details class=\"wp-block-details is-layout-flow wp-block-details-is-layout-flow\"><summary>WP5: YAYILIM VE S\u00dcRD\u00dcR\u00dcLEB\u0130L\u0130RL\u0130K<\/summary>\n<p class=\"wp-block-paragraph\">G\u00f6rev 5.1: Yay\u0131l\u0131m ve \u0130leti\u015fim Stratejisi Geli\u015ftirme-CNR+T\u00dcM ORTAKLAR<\/p>\n\n\n\n<p class=\"wp-block-paragraph\">G5.2: Tan\u0131t\u0131m Materyalleri ve Dijital \u0130\u00e7erik Olu\u015fturma\/CNR+T\u00dcM ORTAKLAR<\/p>\n\n\n\n<p class=\"wp-block-paragraph\">G5.3: AgriVOLTages \u0130leti\u015fim Ara\u00e7lar\u0131\/SDSN+T\u00dcM ORTAKLAR<\/p>\n\n\n\n<p class=\"wp-block-paragraph\">G5.4: \u0130\u00e7erik Olu\u015fturma ve Eri\u015fim\/CNR+T\u00dcM ORTAKLAR<\/p>\n\n\n\n<p class=\"wp-block-paragraph\">G5.5: BE&#8217;de TPM4 ve S\u00fcrd\u00fcr\u00fclebilirlik \u00c7al\u0131\u015ftay\u0131\/SDSN+T\u00dcM ORTAKLAR<\/p>\n\n\n\n<p class=\"wp-block-paragraph\">G5.6: \u00c7o\u011falt\u0131c\u0131 Etkinlikler ve Web Seminerleri ve Fark\u0131ndal\u0131k G\u00fcnleri ve AgriVOLTages D\u00fcnya Konferans\u0131 2025 ve Kapan\u0131\u015f Konferans\u0131\/BUU+T\u00dcM ORTAKLAR<\/p>\n\n\n\n<p class=\"wp-block-paragraph\">G5.7: Yay\u0131l\u0131m Raporlamas\u0131\/CNR+T\u00dcM ORTAKLAR<\/p>\n\n\n\n<p class=\"wp-block-paragraph\">G5.8: S\u00fcrd\u00fcr\u00fclebilirlik ve Kullan\u0131m Plan\u0131 Geli\u015ftirme\/AAR<\/p>\n<\/details>\n\n\n\n<p class=\"wp-block-paragraph\">L\u0130DER: CNR, E\u015e L\u0130DER: SDSN<\/p>\n\n\n\n<p class=\"wp-block-paragraph\">WP5&#8217;in amac\u0131, AgriVOLTages proje sonu\u00e7lar\u0131n\u0131n g\u00f6r\u00fcn\u00fcrl\u00fc\u011f\u00fcn\u00fc, eri\u015fimini ve s\u00fcrd\u00fcr\u00fclebilirli\u011fini maksimize etmek i\u00e7in kapsay\u0131c\u0131, hedefli bir yay\u0131l\u0131m stratejisi tasarlamak ve uygulamakt\u0131r.<\/p>\n\n\n\n<p class=\"wp-block-paragraph\"><\/p>\n","protected":false},"excerpt":{"rendered":"<p>L\u0130DER: KOORD\u0130NAT\u00d6R AgriVOLTages projesinin koordinasyon ve ileti\u015fim mekanizmas\u0131, kesintisiz i\u015fbirli\u011fi, \u015feffaf karar alma ve etkili bilgi payla\u015f\u0131m\u0131n\u0131 sa\u011flar L\u0130DER: BUU, E\u015e L\u0130DER: AARHUS WP2&#8217;nin amac\u0131, \u00e7ift\u00e7ilere, VET profesyonellerine ve tar\u0131msal payda\u015flara agrivoltaik sistemler hakk\u0131nda teorik ve pratik e\u011fitim sa\u011flayan yap\u0131land\u0131r\u0131lm\u0131\u015f, mod\u00fcler ve eri\u015filebilir bir bilgi taban\u0131 geli\u015ftirmektir. E\u011fitim eksikli\u011fi agrivoltaik benimsenmesini ve b\u00fcy\u00fcmesini s\u0131n\u0131rlar. L\u0130DER: [&hellip;]<\/p>\n","protected":false},"author":3,"featured_media":0,"parent":0,"menu_order":0,"comment_status":"closed","ping_status":"closed","template":"","meta":{"_crdt_document":"","footnotes":""},"class_list":["post-504","page","type-page","status-publish","hentry"],"_links":{"self":[{"href":"https:\/\/www.agrivoltages.eu\/index.php\/wp-json\/wp\/v2\/pages\/504","targetHints":{"allow":["GET"]}}],"collection":[{"href":"https:\/\/www.agrivoltages.eu\/index.php\/wp-json\/wp\/v2\/pages"}],"about":[{"href":"https:\/\/www.agrivoltages.eu\/index.php\/wp-json\/wp\/v2\/types\/page"}],"author":[{"embeddable":true,"href":"https:\/\/www.agrivoltages.eu\/index.php\/wp-json\/wp\/v2\/users\/3"}],"replies":[{"embeddable":true,"href":"https:\/\/www.agrivoltages.eu\/index.php\/wp-json\/wp\/v2\/comments?post=504"}],"version-history":[{"count":1,"href":"https:\/\/www.agrivoltages.eu\/index.php\/wp-json\/wp\/v2\/pages\/504\/revisions"}],"predecessor-version":[{"id":505,"href":"https:\/\/www.agrivoltages.eu\/index.php\/wp-json\/wp\/v2\/pages\/504\/revisions\/505"}],"wp:attachment":[{"href":"https:\/\/www.agrivoltages.eu\/index.php\/wp-json\/wp\/v2\/media?parent=504"}],"curies":[{"name":"wp","href":"https:\/\/api.w.org\/{rel}","templated":true}]}}