{"id":502,"date":"2025-12-15T21:40:53","date_gmt":"2025-12-15T20:40:53","guid":{"rendered":"https:\/\/www.agrivoltages.eu\/?page_id=502"},"modified":"2025-12-15T22:00:23","modified_gmt":"2025-12-15T21:00:23","slug":"risultati","status":"publish","type":"page","link":"https:\/\/www.agrivoltages.eu\/index.php\/it\/risultati\/","title":{"rendered":"Risultati"},"content":{"rendered":"\n<details class=\"wp-block-details is-layout-flow wp-block-details-is-layout-flow\"><summary>WP1: GESTIONE E IMPLEMENTAZIONE DEL PROGETTO<\/summary>\n<p class=\"wp-block-paragraph\">Task 1.1: Creazione e Completamento degli Accordi di Sovvenzione\/COO<\/p>\n\n\n\n<p class=\"wp-block-paragraph\">T1.2: Gestione e Coordinamento del Progetto\/COO<\/p>\n\n\n\n<p class=\"wp-block-paragraph\">T1.3: TPM1 in PL\/COO+TUTTI I PARTNER<\/p>\n\n\n\n<p class=\"wp-block-paragraph\">T1.4: Sviluppo di Rapporti Finanziari e di Monitoraggio\/RURENER<\/p>\n\n\n\n<p class=\"wp-block-paragraph\">T1.5: Riunioni Regolari sui Progressi (Online)\/COO+TUTTI I PARTNER<\/p>\n\n\n\n<p class=\"wp-block-paragraph\">T1.6: Garanzia di Qualit\u00e0 e Impatto\/CNR+SDSN<\/p>\n\n\n\n<p class=\"wp-block-paragraph\">T1.7: Piano di Inclusione e Innovazione\/SDSN<\/p>\n\n\n\n<p class=\"wp-block-paragraph\">T1.8: Rapporti\/RURENER<\/p>\n\n\n\n<p class=\"wp-block-paragraph\">T1.9: Rapporti di Valutazione\/INES+CNR<\/p>\n\n\n\n<p class=\"wp-block-paragraph\">T1.10: Piano di Gestione del Rischio\/COO<\/p>\n<\/details>\n\n\n\n<p class=\"wp-block-paragraph\">LEADER: COORDINATORE<\/p>\n\n\n\n<p class=\"wp-block-paragraph\">Il meccanismo di coordinamento e comunicazione del progetto AgriVOLTages garantisce una collaborazione fluida, un processo decisionale trasparente e una condivisione efficace delle informazioni<\/p>\n\n\n\n<hr class=\"wp-block-separator has-alpha-channel-opacity\"\/>\n\n\n\n<details class=\"wp-block-details is-layout-flow wp-block-details-is-layout-flow\"><summary>WP 2: SVILUPPO DELLA BASE DI CONOSCENZA AGRIVOLTAICA<\/summary>\n<p class=\"wp-block-paragraph\">Task 2.1: Piano di Lavoro: Progettazione della Struttura e del Quadro dei Contenuti\/BUU<\/p>\n\n\n\n<p class=\"wp-block-paragraph\">T2.2: Consultazioni con Gruppi di Esperti Locali e Agricoltori\/BUU+TUTTI I PARTNER<\/p>\n\n\n\n<p class=\"wp-block-paragraph\">T2.3: Sviluppo di Contenuti Formativi Modulari e Guide\/Aarhus+TUTTI I PARTNER<\/p>\n\n\n\n<p class=\"wp-block-paragraph\">T2.4: Progettazione di Strumenti Digitali Interattivi e Gamification\/GSL+TUTTI I PARTNER<\/p>\n\n\n\n<p class=\"wp-block-paragraph\">T2.5: Attivit\u00e0 di Validazione: TPM2 in Turchia\/BUU+TUTTI I PARTNER<\/p>\n\n\n\n<p class=\"wp-block-paragraph\">T2.6: Traduzione, Localizzazione e Integrazione nella Rete di Apprendimento Ibrida\/SDSN+TUTTI<\/p>\n<\/details>\n\n\n\n<p class=\"wp-block-paragraph\">LEADER: BUU, CO-LEADER: AARHUS<\/p>\n\n\n\n<p class=\"wp-block-paragraph\">L&#8217;obiettivo del WP2 \u00e8 sviluppare una base di conoscenza strutturata, modulare e accessibile che fornisca formazione teorica e pratica sui sistemi agrivoltaici ad agricoltori, professionisti VET e stakeholder agricoli. La mancanza di formazione limita l&#8217;adozione e la crescita dell&#8217;agrivoltaico.<\/p>\n\n\n\n<hr class=\"wp-block-separator has-alpha-channel-opacity\"\/>\n\n\n\n<details class=\"wp-block-details is-layout-flow wp-block-details-is-layout-flow\"><summary>WP3: SCENARI INTERATTIVI E AMBIENTI DI TEST VR<\/summary>\n<p class=\"wp-block-paragraph\">Task 3.1: Piano d&#8217;Azione, Linee Guida e Modelli\/GSL<\/p>\n\n\n\n<p class=\"wp-block-paragraph\">T3.2: Esigenze di Apprendimento e Framework di Progettazione degli Scenari\/RURENER+TUTTI I PARTNER<\/p>\n\n\n\n<p class=\"wp-block-paragraph\">T3.3: Sviluppo di Scenari Agrivoltaici Interattivi\/GSL+TUTTI I PARTNER<\/p>\n\n\n\n<p class=\"wp-block-paragraph\">T3.4: Sviluppo dell&#8217;Ambiente VR e Integrazione Tecnica e Kit di Formazione VR\/GSL<\/p>\n\n\n\n<p class=\"wp-block-paragraph\">T3.5: Test Pilota e Valutazione con i Gruppi Target\/Visita sul Campo in Italia\/CNR+TUTTI I PARTNER<\/p>\n\n\n\n<p class=\"wp-block-paragraph\">T3.6: Localizzazione e Supporto Multilingue per la Formazione VR\/CNR+TUTTI I PARTNER<\/p>\n\n\n\n<p class=\"wp-block-paragraph\">T3.7: Implementazione, Diffusione e Accesso Aperto\/GSL+TUTTI I PARTNER<\/p>\n<\/details>\n\n\n\n<p class=\"wp-block-paragraph\">LEADER: GSL, CO-LEADER: CNR<\/p>\n\n\n\n<p class=\"wp-block-paragraph\">Il WP3 mira a colmare il divario tra apprendimento teorico e pratica sul campo fornendo un&#8217;esperienza di apprendimento coinvolgente, scalabile e senza rischi per agricoltori, studenti\/professionisti VET e professionisti del settore.<\/p>\n\n\n\n<hr class=\"wp-block-separator has-alpha-channel-opacity\"\/>\n\n\n\n<details class=\"wp-block-details is-layout-flow wp-block-details-is-layout-flow\"><summary>WP4: RETE DI APPRENDIMENTO AGRIVOLTAICO IBRIDA<\/summary>\n<p class=\"wp-block-paragraph\">Task 4.1 Progettazione del Modello di Apprendimento Ibrido\/SDSN<\/p>\n\n\n\n<p class=\"wp-block-paragraph\">T4.2: Sviluppo della Piattaforma di Apprendimento Digitale\/SDSN<\/p>\n\n\n\n<p class=\"wp-block-paragraph\">SOTTOTASK 4.2.1: Elenco Agricoltori-Fornitori di Servizi\/GSL+TUTTI I PARTNER<\/p>\n\n\n\n<p class=\"wp-block-paragraph\">SOTTOTASK 4.2.2: Integrazione Chatbot AI\/SDSN<\/p>\n\n\n\n<p class=\"wp-block-paragraph\">T4.3: TPM3 in Danimarca\/AARHUS+TUTTI I PARTNER<\/p>\n\n\n\n<p class=\"wp-block-paragraph\">T4.4: Apprendimento Interattivo: Programma di Apprendimento tra Pari e Mentoring e Q&amp;A con Esperti\/GSL+TUTTI I PARTNER<\/p>\n\n\n\n<p class=\"wp-block-paragraph\">T4.5: Coordinamento Visite sul Campo e Opportunit\u00e0 di Apprendimento Pratico in DK\/AARHUS+TUTTI I PARTNER<\/p>\n\n\n\n<p class=\"wp-block-paragraph\">T4.6: Piano di Sostenibilit\u00e0 e Strategia di Espansione della Rete\/SDSN+TUTTI I PARTNER<\/p>\n<\/details>\n\n\n\n<p class=\"wp-block-paragraph\">LEADER: SDSN, CO-LEADER: GSL<\/p>\n\n\n\n<p class=\"wp-block-paragraph\">L&#8217;obiettivo del WP4 \u00e8 creare e sviluppare un ecosistema di apprendimento ibrido strutturato, interattivo e accessibile che integri l&#8217;apprendimento digitale, le applicazioni agricole del mondo reale e la condivisione collaborativa delle conoscenze, complementando le componenti educative e pratiche del WP2 e WP3.<\/p>\n\n\n\n<hr class=\"wp-block-separator has-alpha-channel-opacity\"\/>\n\n\n\n<details class=\"wp-block-details is-layout-flow wp-block-details-is-layout-flow\"><summary>WP5: DIFFUSIONE E SOSTENIBILIT\u00c0<\/summary>\n<p class=\"wp-block-paragraph\">Task 5.1: Sviluppo di una Strategia di Diffusione e Comunicazione-CNR+TUTTI I PARTNER<\/p>\n\n\n\n<p class=\"wp-block-paragraph\">T5.2: Creazione di Materiali Promozionali e Contenuti Digitali\/CNR+TUTTI I PARTNER<\/p>\n\n\n\n<p class=\"wp-block-paragraph\">T5.3: Strumenti di Comunicazione AgriVOLTages\/SDSN+TUTTI I PARTNER<\/p>\n\n\n\n<p class=\"wp-block-paragraph\">T5.4: Creazione di Contenuti e Divulgazione\/CNR+TUTTI I PARTNER<\/p>\n\n\n\n<p class=\"wp-block-paragraph\">T5.5: TPM4 e Workshop sulla Sostenibilit\u00e0 in BE\/SDSN+TUTTI I PARTNER<\/p>\n\n\n\n<p class=\"wp-block-paragraph\">T5.6: Eventi Moltiplicatori e Webinar e Giornate di Sensibilizzazione e Conferenza Mondiale AgriVOLTages 2025 e Conferenza Finale\/BUU+TUTTI I PARTNER<\/p>\n\n\n\n<p class=\"wp-block-paragraph\">T5.7: Reporting della Diffusione\/CNR+TUTTI I PARTNER<\/p>\n\n\n\n<p class=\"wp-block-paragraph\">T5.8: Sviluppo del Piano di Sostenibilit\u00e0 e Utilizzo\/AAR<\/p>\n<\/details>\n\n\n\n<p class=\"wp-block-paragraph\">LEADER: CNR, CO-LEADER: SDSN<\/p>\n\n\n\n<p class=\"wp-block-paragraph\">L&#8217;obiettivo del WP5 \u00e8 progettare e implementare una strategia di diffusione inclusiva e mirata per massimizzare la visibilit\u00e0, la portata e la sostenibilit\u00e0 dei risultati del progetto AgriVOLTages.<\/p>\n","protected":false},"excerpt":{"rendered":"<p>LEADER: COORDINATORE Il meccanismo di coordinamento e comunicazione del progetto AgriVOLTages garantisce una collaborazione fluida, un processo decisionale trasparente e una condivisione efficace delle informazioni LEADER: BUU, CO-LEADER: AARHUS L&#8217;obiettivo del WP2 \u00e8 sviluppare una base di conoscenza strutturata, modulare e accessibile che fornisca formazione teorica e pratica sui sistemi agrivoltaici ad agricoltori, professionisti VET [&hellip;]<\/p>\n","protected":false},"author":3,"featured_media":0,"parent":0,"menu_order":0,"comment_status":"closed","ping_status":"closed","template":"","meta":{"_crdt_document":"","footnotes":""},"class_list":["post-502","page","type-page","status-publish","hentry"],"_links":{"self":[{"href":"https:\/\/www.agrivoltages.eu\/index.php\/wp-json\/wp\/v2\/pages\/502","targetHints":{"allow":["GET"]}}],"collection":[{"href":"https:\/\/www.agrivoltages.eu\/index.php\/wp-json\/wp\/v2\/pages"}],"about":[{"href":"https:\/\/www.agrivoltages.eu\/index.php\/wp-json\/wp\/v2\/types\/page"}],"author":[{"embeddable":true,"href":"https:\/\/www.agrivoltages.eu\/index.php\/wp-json\/wp\/v2\/users\/3"}],"replies":[{"embeddable":true,"href":"https:\/\/www.agrivoltages.eu\/index.php\/wp-json\/wp\/v2\/comments?post=502"}],"version-history":[{"count":2,"href":"https:\/\/www.agrivoltages.eu\/index.php\/wp-json\/wp\/v2\/pages\/502\/revisions"}],"predecessor-version":[{"id":512,"href":"https:\/\/www.agrivoltages.eu\/index.php\/wp-json\/wp\/v2\/pages\/502\/revisions\/512"}],"wp:attachment":[{"href":"https:\/\/www.agrivoltages.eu\/index.php\/wp-json\/wp\/v2\/media?parent=502"}],"curies":[{"name":"wp","href":"https:\/\/api.w.org\/{rel}","templated":true}]}}