{"id":466,"date":"2025-12-15T17:19:45","date_gmt":"2025-12-15T16:19:45","guid":{"rendered":"https:\/\/www.agrivoltages.eu\/?page_id=466"},"modified":"2025-12-15T22:06:59","modified_gmt":"2025-12-15T21:06:59","slug":"partnere","status":"publish","type":"page","link":"https:\/\/www.agrivoltages.eu\/index.php\/da\/partnere\/","title":{"rendered":"Partnere"},"content":{"rendered":"\n<h2 class=\"wp-block-heading\">Projektkoordinator<\/h2>\n\n\n\n<h2 class=\"wp-block-heading\"><strong>MANS \u2013 Internationale Akademi for Anvendte Videnskaber i Lomza<\/strong><\/h2>\n\n\n\n<figure class=\"wp-block-image is-resized\"><img decoding=\"async\" src=\"https:\/\/www.agrivoltages.eu\/wp-content\/uploads\/2025\/10\/wsa_mans_logo_1-ai.png\" alt=\"\" class=\"wp-image-171\" style=\"aspect-ratio:2.21021871956079;width:382px;height:auto\"\/><\/figure>\n\n\n\n<p class=\"wp-block-paragraph\">Det Internationale Akademi for Anvendte Videnskaber i Lomza (MANS), grundlagt i 1996, er en ikke-statslig videreg\u00e5ende uddannelsesinstitution beliggende i \u0141om\u017ca, Polen.<\/p>\n\n\n\n<p class=\"wp-block-paragraph\">MANS tilbyder uddannelse og forskning af h\u00f8j kvalitet inden for omr\u00e5der som landbrug, sygepleje, intern sikkerhed, logistik, byggeri og varekunde.<\/p>\n\n\n\n<p class=\"wp-block-paragraph\">Institutionen tilbyder bachelor- og kandidatuddannelser samt erhvervsuddannelsesprogrammer (VET) med fokus p\u00e5 landbrug og b\u00e6redygtighed.<\/p>\n\n\n\n<p class=\"wp-block-paragraph\">MANS besk\u00e6ftiger cirka 200 l\u00f8nnede medarbejdere (professorer, forskere, administrativt personale og undervisere) samt g\u00e6steforel\u00e6sere, frivillige og praktikanter, der bidrager til specifikke forskningsprojekter og begivenheder.<\/p>\n\n\n\n<p class=\"wp-block-paragraph\">Institutionen betjener 2.000 studerende og forbereder dem til arbejdsmarkedet med fokus p\u00e5 praktisk, hands-on tr\u00e6ning inden for b\u00e6redygtigt landbrug, pr\u00e6cisionslandbrug og cirkul\u00e6r \u00f8konomi.<\/p>\n\n\n\n<p class=\"wp-block-paragraph\"><a href=\"https:\/\/mans.edu.pl\">https:\/\/mans.edu.pl<\/a><\/p>\n\n\n\n<h2 class=\"wp-block-heading\">Project Partners<\/h2>\n\n\n\n<figure class=\"wp-block-image is-resized\"><img loading=\"lazy\" decoding=\"async\" width=\"227\" height=\"60\" src=\"https:\/\/www.agrivoltages.eu\/wp-content\/uploads\/2025\/10\/aarhus_pptx.png\" alt=\"\" class=\"wp-image-169\" style=\"aspect-ratio:3.7839063090290894;width:337px;height:auto\"\/><\/figure>\n\n\n\n<h3 class=\"wp-block-heading\"><strong>Aarhus Universit<\/strong>et<\/h3>\n\n\n\n<p class=\"wp-block-paragraph\">Aarhus Universitet (AU) ligger i Danmark med sit hovedcampus i Aarhus. AU er organiseret i syv fakulteter suppleret af et netv\u00e6rk af 32 st\u00e6rke akademiske institutter.<\/p>\n\n\n\n<p class=\"wp-block-paragraph\">I 2017 besk\u00e6ftigede universitetet 7.825 fuldtids\u00e6kvivalenter (FTE). Institut for Agro\u00f8kologi udf\u00f8rer et bredt spektrum af grundl\u00e6ggende, strategisk og anvendt forskning fokuseret p\u00e5 de dynamiske interaktioner mellem klima, jord, planter, dyr og mennesker i agro\u00f8kosystemer.<\/p>\n\n\n\n<p class=\"wp-block-paragraph\"><a href=\"https:\/\/international.au.dk\">https:\/\/international.au.dk<\/a><\/p>\n\n\n\n<figure class=\"wp-block-image is-resized\"><img decoding=\"async\" src=\"https:\/\/www.agrivoltages.eu\/wp-content\/uploads\/2025\/10\/bursa-uludag-university_alfa.png\" alt=\"\" class=\"wp-image-178\" style=\"aspect-ratio:1.3323495309370719;width:243px;height:auto\"\/><\/figure>\n\n\n\n<h3 class=\"wp-block-heading\"><strong>Bursa Uluda\u011f Universitet<\/strong><\/h3>\n\n\n\n<p class=\"wp-block-paragraph\">Bursa Uluda\u011f Universitet, etableret i 1975 under navnet Bursa Universitet, har med succes fortsat sine uddannelsestjenester siden da med sine 15 fakulteter, 2 skoler, 15 erhvervsskoler, 1 konservatorium, 4 institutter, 27 anvendte forskningscentre, 1 forskningscenter og 5 afdelinger under rektoratet. Med hensyn til modernisering og internationalisering till\u00e6gger Bursa Uludag Universitet (BUU) st\u00f8rste betydning til organisering og implementering af internationale (EU og ikke-EU) samarbejdsprojekter. BUU sikrer flere strategiske m\u00e5l, som omfatter:<\/p>\n\n\n\n<p class=\"wp-block-paragraph\">\u2013 For\u00f8gelse af antallet af f\u00e6lles forskningsprojekter i samarbejde med b\u00e5de nationale og internationale universiteter, med prioritering af tv\u00e6rfaglige studier,ollaboration with both national and international universities also prioritizing the multidisciplinary studies,<\/p>\n\n\n\n<p class=\"wp-block-paragraph\">\u2013 BUU udf\u00f8rer og s\u00f8ger at \u00f8ge F&amp;U-projekter med de multinationale selskaber, som er talrige i Bursa, i overensstemmelse med sit m\u00e5l om at styrke samarbejdet mellem samfund og industri,<\/p>\n\n\n\n<p class=\"wp-block-paragraph\">\u2013 At give master- og ph.d.-studerende, der deltager i F&amp;U-projekter, mulighed for at studere i udlandet gennem internationale midler,<\/p>\n\n\n\n<p class=\"wp-block-paragraph\">\u2013 F\u00e6lles udf\u00f8relse af master- og ph.d.-afhandlingsstudier sammen med vores nationale og internationale eksterne interessenter,<\/p>\n\n\n\n<p class=\"wp-block-paragraph\">\u2013 For\u00f8gelse af antallet af patenter, industrielle designs, prototyper og nyttemodeller som resultater af forskningsaktiviteten udf\u00f8rt ved BUU.<\/p>\n\n\n\n<p class=\"wp-block-paragraph\">Koordineringsenheden for Videnskabelige Forskningsprojekter yder st\u00f8tte til implementeringen af projekterne. St\u00f8tten gives i form af budgetorganisation og projektledelsesprocedurer. Enheden organiserer m\u00f8der med projektteamet og f\u00f8lger projekternes fremdrift. Enheden hj\u00e6lper ogs\u00e5 med de officielle krav i l\u00f8bet af projekterne.<\/p>\n\n\n\n<p class=\"wp-block-paragraph\"><a href=\"https:\/\/www.uludag.edu.tr\">https:\/\/www.uludag.edu.tr<\/a><\/p>\n\n\n\n<figure class=\"wp-block-image is-resized\"><img loading=\"lazy\" decoding=\"async\" width=\"1024\" height=\"302\" src=\"https:\/\/www.agrivoltages.eu\/wp-content\/uploads\/2025\/11\/SDSN_landscape_green_alfa-1024x302.png\" alt=\"\" class=\"wp-image-207\" style=\"aspect-ratio:3.390891597177678;width:339px;height:auto\"\/><\/figure>\n\n\n\n<h3 class=\"wp-block-heading\"><strong>Sustainable Development Studies Network<\/strong><\/h3>\n\n\n\n<p class=\"wp-block-paragraph\">SDSN er en forsknings- og udviklingsorganisation, der fokuserer p\u00e5 at fremme milj\u00f8m\u00e6ssig b\u00e6redygtighed, der kan skabe positiv forandring i lokale, nationale, regionale og globale sammenh\u00e6nge. SDSN mener, at de fire s\u00f8jler inden for cirkul\u00e6r \u00f8konomi, uddannelse, digitalisering, udvikling og \u00f8konomisk rationalisering kombineret med fundamentalt sunde og b\u00e6redygtige l\u00f8sninger samt disruption til str\u00f8mlinede l\u00f8sninger p\u00e5 systemiske klimaproblemer kan f\u00f8re til kreative l\u00f8sninger, der p\u00e5virker betydelig forandring i enhver samfunds sociale struktur.<\/p>\n\n\n\n<p class=\"wp-block-paragraph\">SDSN arbejder t\u00e6t sammen om at tackle sociale, \u00f8konomiske og uddannelsesm\u00e6ssige markedsudfordringer med regeringer, lokale administrative agenturer, nonprofit-organisationer, kommercielle enheder og uddannelsesinstitutioner. Vi identificerer og adresserer systemiske udfordringer gennem evidensbaseret forskning, avanceret unders\u00f8gelse af globale, nationale, regionale og lokale l\u00f8sninger, udvikling af l\u00f8sninger under hensyntagen til det lokale \u00f8kosystem, kulturelle dynamikker, opfyldelse af interessenternes behov og implementering af disse l\u00f8sninger, mens vi holder konstant vagt for at sikre kontinuerlig feedback-loop og justeringer.<\/p>\n\n\n\n<p class=\"wp-block-paragraph\">De feedback-mekanismer og processer, vi anvender, giver os sikkerhed for at holde kontakten med vores interessenter og l\u00f8bende opdatere vores sociale l\u00f8sningsforslag.<\/p>\n\n\n\n<p class=\"wp-block-paragraph\"><a href=\"https:\/\/sdsnetwork.org\/\">https:\/\/sdsnetwork.org\/<\/a><\/p>\n\n\n\n<figure class=\"wp-block-image is-resized\"><img loading=\"lazy\" decoding=\"async\" width=\"118\" height=\"79\" src=\"https:\/\/www.agrivoltages.eu\/wp-content\/uploads\/2025\/10\/cnr_alfa.png\" alt=\"\" class=\"wp-image-177\" style=\"aspect-ratio:1.4936753964012115;width:225px;height:auto\"\/><\/figure>\n\n\n\n<h3 class=\"wp-block-heading\"><strong>Consiglio Nazionale delle Ricerche (CNR)<\/strong><\/h3>\n\n\n\n<p class=\"wp-block-paragraph\">Det Nationale Forskningsr\u00e5d (CNR) er den st\u00f8rste offentlige forskningsinstitution i Italien, den eneste under Forskningsministeriet, der udf\u00f8rer tv\u00e6rfaglige aktiviteter.<\/p>\n\n\n\n<p class=\"wp-block-paragraph\">Grundlagt som juridisk person den 18. november 1923 har CNR&#8217;s mission v\u00e6ret at udf\u00f8re forskning i sine egne institutter, fremme innovation og konkurrenceevne i det nationale industrisystem, fremme internationaliseringen af det nationale forskningssystem, levere teknologier og l\u00f8sninger til nye offentlige og private behov, r\u00e5dgive regeringen og andre offentlige organer og bidrage til kvalificeringen af menneskelige ressourcer. I CNR&#8217;s forskningsverden er hovedressourcen den tilg\u00e6ngelige viden, hvilket betyder mennesker med deres f\u00e6rdigheder, engagement og ideer.<\/p>\n\n\n\n<p class=\"wp-block-paragraph\">Denne kapital omfatter mere end 8.000 medarbejdere, hvoraf mere end halvdelen er forskere og teknologer. Omkring 4.000 unge forskere er engageret i postgraduate studier og forskningsuddannelse hos CNR inden for organisationens topprioriteringsomr\u00e5der. Et v\u00e6sentligt bidrag kommer ogs\u00e5 fra forskningstilknyttede: forskere fra universiteter eller private virksomheder, der deltager i CNR&#8217;s forskningsaktiviteter.<\/p>\n\n\n\n<p class=\"wp-block-paragraph\">CNR&#8217;s Institut for Biologi (hvoraf Instituttet for Bio\u00f8konomi er en del), Landbrug og F\u00f8devarevidenskab udf\u00f8rer forskning og fremmer innovation inden for alle omr\u00e5der relateret til landbrug og f\u00f8devarevidenskab. Forskningsaktiviteter er fokuseret p\u00e5 biologi og bioteknologi, f\u00f8devarer og b\u00e6redygtigt landbrug med det form\u00e5l at udvikle innovative og teknologiske l\u00f8sninger og levere b\u00e5de offentlige og private h\u00f8jteknologiske tjenester s\u00e5som karakterisering og bevaring af dyre- og plantegenetiske ressourcer, certificering og sporbarhed af produktioner, sensoriske analyser og\/eller analyser af f\u00f8devarers forurenende stoffer og allergener, genetisk forbedring af dyre- og plantearter, plantesundhedsdiagnose og agrometerologiske forudsigelser for h\u00f8jpr\u00e6cisionslandbrug.<\/p>\n\n\n\n<p class=\"wp-block-paragraph\"><a href=\"https:\/\/www.cnr.it\">https:\/\/www.cnr.it<\/a><\/p>\n\n\n\n<figure class=\"wp-block-image is-resized\"><img decoding=\"async\" src=\"https:\/\/www.agrivoltages.eu\/wp-content\/uploads\/2025\/10\/gsl_alfa-1.png\" alt=\"\" class=\"wp-image-189\" style=\"aspect-ratio:2.636914697355706;width:339px;height:auto\"\/><\/figure>\n\n\n\n<h3 class=\"wp-block-heading\"><strong><br>Green Solutions Lab<\/strong><\/h3>\n\n\n\n<p class=\"wp-block-paragraph\">Green Solutions Lab (GSL) er en innovativ forsknings- og konsulentorganisation dedikeret til at fremme b\u00e6redygtighed gennem banebrydende uddannelsesteknologier, F&amp;U-drevne l\u00f8sninger og digital transformation.<\/p>\n\n\n\n<p class=\"wp-block-paragraph\">Hos GSL opererer vi i sk\u00e6ringspunktet mellem b\u00e6redygtighed, uddannelse og teknologi og udvikler AI-drevet analyse, Extended Reality (XR), Augmented Reality (AR) og gamification-baserede l\u00e6ringsmodeller for at forbedre kapacitetsopbygning og digital uddannelse. Vores prim\u00e6re fokus er p\u00e5 at skabe innovative uddannelsesl\u00f8sninger, der styrker enkeltpersoner og organisationer, is\u00e6r inden for milj\u00f8m\u00e6ssig b\u00e6redygtighed, cirkul\u00e6r \u00f8konomi, klimaindsats og digital transformation.<\/p>\n\n\n\n<p class=\"wp-block-paragraph\">En central del af vores mission er at fremme inkluderende uddannelse og b\u00e6redygtig udvikling for udsatte grupper. Vi udvikler og implementerer projekter, der adresserer behovene hos landdistrikter, marginaliserede befolkninger, kvinder, unge og personer med handicap, hvilket sikrer lige adgang til teknologiforbedrede l\u00e6ringsmuligheder. Gennem fordybende digital uddannelse, gamificerede l\u00e6ringsv\u00e6rkt\u00f8jer og AI-underst\u00f8ttede tr\u00e6ningsmodeller bygger vi bro over kompetencekl\u00f8fter, forbedrer besk\u00e6ftigelsesegnethed og styrker samfund til aktivt at deltage i den gr\u00f8nne \u00f8konomi.<\/p>\n\n\n\n<p class=\"wp-block-paragraph\">GSL er dybt involveret i forsknings- og udviklingsaktiviteter (F&amp;U) og samarbejder med universiteter, kommuner, EU-institutioner og forskningscentre for at skabe skalerbare, politikdrevne og teknologiintegrerede uddannelsesl\u00f8sninger. Vores arbejde sp\u00e6nder over flere sektorer, herunder b\u00e6redygtigt landbrug, digital literacy, ren energi og social innovation, ved at bruge AI, XR og digital twin-teknologier til at st\u00f8tte livslang l\u00e6ring og arbejdsstyrkens udvikling i gr\u00f8nne industrier.<\/p>\n\n\n\n<p class=\"wp-block-paragraph\">Vi l\u00e6gger v\u00e6gt p\u00e5 vidensoverf\u00f8rsel og kompetenceudvikling og organiserer internationale tr\u00e6ningsprogrammer, digitale l\u00e6ringsplatforme og interaktive workshops, der udstyrer fagfolk, undervisere og unge innovatorer med de n\u00f8dvendige f\u00e6rdigheder til fremtiden. Vores konsulentydelser hj\u00e6lper organisationer med at implementere AI-baserede beslutningsmodeller, inkluderende digitale uddannelsesstrategier og b\u00e6redygtighedsfokuserede curricula, hvilket sikrer langsigtet p\u00e5virkning.<\/p>\n\n\n\n<p class=\"wp-block-paragraph\">GSL har opbygget et st\u00e6rkt netv\u00e6rk af partnere i Europa og internationalt og arbejder med NGO&#8217;er, forskningsinstitutioner, private virksomheder og beslutningstagere for at udvikle teknologidrevne, socialt ansvarlige og milj\u00f8m\u00e6ssigt b\u00e6redygtige uddannelsesl\u00f8sninger. Vores initiativer implementeres gennem projektinkubation, accelerationsprogrammer og tv\u00e6rfaglig forskning, hvilket fremmer samarbejde mellem akademia, industri og civilsamfund.<\/p>\n\n\n\n<p class=\"wp-block-paragraph\">I \u00f8jeblikket opererer GSL med et diverst team af eksperter, herunder forskere, ingeni\u00f8rer, digitale uddannelsesspecialister og b\u00e6redygtighedskonsulenter. Vores netv\u00e6rk inkluderer eksterne konsulenter, undervisere og projektpartnere, der bidrager til et bredt spektrum af F&amp;U- og kapacitetsopbygningsaktiviteter.<\/p>\n\n\n\n<p class=\"wp-block-paragraph\">I kernen af alle vores bestr\u00e6belser er en forpligtelse til gr\u00f8n transformation. Hvad enten det er gennem digital uddannelse, AI-drevne l\u00f8sninger eller b\u00e6redygtig innovation, udstyrer vores projekter enkeltpersoner og institutioner med viden, v\u00e6rkt\u00f8jer og strategier, der er n\u00f8dvendige for at skifte mod en lavemissions-, ressourceeffektiv og milj\u00f8m\u00e6ssigt ansvarlig fremtid.<\/p>\n\n\n\n<p class=\"wp-block-paragraph\">Gennem vores forskningsdrevne tilgang, teknologiintegration og engagement i social lighed forts\u00e6tter GSL med at udvide sin indflydelse og sikrer, at b\u00e6redygtighed og digital innovation g\u00e5r h\u00e5nd i h\u00e5nd. Vores vision er at blive en f\u00f8rende kraft inden for AI-forbedret uddannelse, b\u00e6redygtighed og digital inklusion, der driver en smartere, gr\u00f8nnere og mere modstandsdygtig verden.<\/p>\n\n\n\n<p class=\"wp-block-paragraph\"><a href=\"https:\/\/www.gsl.bg\">https:\/\/www.gsl.bg<\/a><\/p>\n","protected":false},"excerpt":{"rendered":"<p>Projektkoordinator MANS \u2013 Internationale Akademi for Anvendte Videnskaber i Lomza Det Internationale Akademi for Anvendte Videnskaber i Lomza (MANS), grundlagt i 1996, er en ikke-statslig videreg\u00e5ende uddannelsesinstitution beliggende i \u0141om\u017ca, Polen. MANS tilbyder uddannelse og forskning af h\u00f8j kvalitet inden for omr\u00e5der som landbrug, sygepleje, intern sikkerhed, logistik, byggeri og varekunde. Institutionen tilbyder bachelor- og [&hellip;]<\/p>\n","protected":false},"author":3,"featured_media":0,"parent":0,"menu_order":0,"comment_status":"closed","ping_status":"closed","template":"","meta":{"_crdt_document":"","footnotes":""},"class_list":["post-466","page","type-page","status-publish","hentry"],"_links":{"self":[{"href":"https:\/\/www.agrivoltages.eu\/index.php\/wp-json\/wp\/v2\/pages\/466","targetHints":{"allow":["GET"]}}],"collection":[{"href":"https:\/\/www.agrivoltages.eu\/index.php\/wp-json\/wp\/v2\/pages"}],"about":[{"href":"https:\/\/www.agrivoltages.eu\/index.php\/wp-json\/wp\/v2\/types\/page"}],"author":[{"embeddable":true,"href":"https:\/\/www.agrivoltages.eu\/index.php\/wp-json\/wp\/v2\/users\/3"}],"replies":[{"embeddable":true,"href":"https:\/\/www.agrivoltages.eu\/index.php\/wp-json\/wp\/v2\/comments?post=466"}],"version-history":[{"count":5,"href":"https:\/\/www.agrivoltages.eu\/index.php\/wp-json\/wp\/v2\/pages\/466\/revisions"}],"predecessor-version":[{"id":520,"href":"https:\/\/www.agrivoltages.eu\/index.php\/wp-json\/wp\/v2\/pages\/466\/revisions\/520"}],"wp:attachment":[{"href":"https:\/\/www.agrivoltages.eu\/index.php\/wp-json\/wp\/v2\/media?parent=466"}],"curies":[{"name":"wp","href":"https:\/\/api.w.org\/{rel}","templated":true}]}}