{"id":461,"date":"2025-12-15T16:39:52","date_gmt":"2025-12-15T15:39:52","guid":{"rendered":"https:\/\/www.agrivoltages.eu\/?page_id=461"},"modified":"2025-12-15T22:06:25","modified_gmt":"2025-12-15T21:06:25","slug":"partners-2","status":"publish","type":"page","link":"https:\/\/www.agrivoltages.eu\/index.php\/it\/partners-2\/","title":{"rendered":"Partners"},"content":{"rendered":"\n<h2 class=\"wp-block-heading\">Coordinatore del Progetto<\/h2>\n\n\n\n<h2 class=\"wp-block-heading\"><strong>MANS \u2013 Accademia Internazionale delle Scienze Applicate di \u0141om\u017ca<\/strong><\/h2>\n\n\n\n<figure class=\"wp-block-image is-resized\"><img decoding=\"async\" src=\"https:\/\/www.agrivoltages.eu\/wp-content\/uploads\/2025\/10\/wsa_mans_logo_1-ai.png\" alt=\"\" class=\"wp-image-171\" style=\"aspect-ratio:2.2102590147282886;width:378px;height:auto\"\/><\/figure>\n\n\n\n<p class=\"wp-block-paragraph\">L\u2019Accademia Internazionale delle Scienze Applicate di \u0141om\u017ca (MANS), fondata nel 1996, \u00e8 un\u2019istituzione di istruzione superiore non statale situata a \u0141om\u017ca, Polonia.<\/p>\n\n\n\n<p class=\"wp-block-paragraph\">MANS offre istruzione e ricerca di alta qualit\u00e0 in settori come Agricoltura, Infermieristica, Sicurezza Interna, Logistica, Costruzioni e Scienza delle Merci.<\/p>\n\n\n\n<p class=\"wp-block-paragraph\">L\u2019istituto propone corsi di laurea e post-laurea, insieme a programmi di istruzione e formazione professionale (VET) focalizzati sull\u2019agricoltura e la sostenibilit\u00e0.<\/p>\n\n\n\n<p class=\"wp-block-paragraph\">MANS impiega circa 200 dipendenti retribuiti (professori, ricercatori, personale amministrativo e docenti), oltre a docenti ospiti, volontari e tirocinanti che contribuiscono a specifici progetti di ricerca ed eventi.<\/p>\n\n\n\n<p class=\"wp-block-paragraph\">L\u2019istituto accoglie 2.000 studenti, preparandoli al mondo del lavoro con un approccio pratico e orientato alla formazione sul campo in agricoltura sostenibile, agricoltura di precisione ed economia circolare.<\/p>\n\n\n\n<p class=\"wp-block-paragraph\"><a href=\"https:\/\/mans.edu.pl\">https:\/\/mans.edu.pl<\/a><\/p>\n\n\n\n<h2 class=\"wp-block-heading\">Partners del Progetto<\/h2>\n\n\n\n<figure class=\"wp-block-image is-resized\"><img loading=\"lazy\" decoding=\"async\" width=\"227\" height=\"60\" src=\"https:\/\/www.agrivoltages.eu\/wp-content\/uploads\/2025\/10\/aarhus_pptx.png\" alt=\"\" class=\"wp-image-169\" style=\"aspect-ratio:3.7835030956660676;width:339px;height:auto\"\/><\/figure>\n\n\n\n<h3 class=\"wp-block-heading\"><strong>Universit\u00e0 di Aarhus<\/strong><\/h3>\n\n\n\n<p class=\"wp-block-paragraph\">L\u2019Universit\u00e0 di Aarhus (AU) si trova in Danimarca, con il campus principale ad Aarhus. AU \u00e8 organizzata in sette facolt\u00e0 e una rete di 32 dipartimenti accademici di eccellenza.<\/p>\n\n\n\n<p class=\"wp-block-paragraph\">Nel 2017, l\u2019universit\u00e0 contava 7.825 dipendenti equivalenti a tempo pieno (FTE). Il Dipartimento di Agroecologia svolge un ampio spettro di ricerche di base, strategiche e applicate, focalizzate sulle interazioni dinamiche tra clima, suolo, piante, animali e persone negli agroecosistemi.<\/p>\n\n\n\n<p class=\"wp-block-paragraph\"><a href=\"https:\/\/international.au.dk\">https:\/\/international.au.dk<\/a><\/p>\n\n\n\n<figure class=\"wp-block-image size-full is-resized\"><img loading=\"lazy\" decoding=\"async\" width=\"300\" height=\"225\" src=\"https:\/\/www.agrivoltages.eu\/wp-content\/uploads\/2025\/10\/bursa-uludag-university_alfa-e1765825477406.png\" alt=\"\" class=\"wp-image-178\" style=\"width:242px;height:auto\"\/><\/figure>\n\n\n\n<h3 class=\"wp-block-heading\"><strong>Universit\u00e0 di Bursa Uluda\u011f<\/strong><\/h3>\n\n\n\n<p class=\"wp-block-paragraph\">L\u2019Universit\u00e0 di Bursa Uluda\u011f, fondata nel 1975 con il nome di Universit\u00e0 di Bursa, continua con successo i suoi servizi educativi con 15 facolt\u00e0, 2 scuole, 15 scuole professionali, 1 conservatorio, 4 istituti, 27 centri di ricerca applicata, 1 centro di ricerca e 5 dipartimenti sotto il rettorato.<br>BUU attribuisce grande importanza alla modernizzazione e all\u2019internazionalizzazione, organizzando e implementando progetti di cooperazione internazionale (UE e non UE). Tra gli obiettivi strategici:<br>\u2013 Aumentare il numero di progetti di ricerca con universit\u00e0 nazionali e internazionali, privilegiando studi multidisciplinari;<br>\u2013 Rafforzare la cooperazione tra societ\u00e0 e industria attraverso progetti R&amp;S con multinazionali presenti a Bursa;<br>\u2013 Offrire a studenti di master e dottorato opportunit\u00e0 di studio all\u2019estero tramite fondi internazionali;<br>\u2013 Eseguire congiuntamente tesi di master e dottorato con stakeholder nazionali e internazionali;<br>\u2013 Incrementare brevetti, design industriali, prototipi e modelli utili derivanti dalle attivit\u00e0 di ricerca.<\/p>\n\n\n\n<p class=\"wp-block-paragraph\">L\u2019Unit\u00e0 di Coordinamento dei Progetti di Ricerca Scientifica supporta l\u2019implementazione dei progetti, gestendo budget e procedure, organizzando riunioni e monitorando i progressi.<\/p>\n\n\n\n<p class=\"wp-block-paragraph\"><a href=\"https:\/\/www.uludag.edu.tr\">https:\/\/www.uludag.edu.tr<\/a><\/p>\n\n\n\n<figure class=\"wp-block-image is-resized\"><img loading=\"lazy\" decoding=\"async\" width=\"1024\" height=\"302\" src=\"https:\/\/www.agrivoltages.eu\/wp-content\/uploads\/2025\/11\/SDSN_landscape_green_alfa-1024x302.png\" alt=\"\" class=\"wp-image-207\" style=\"aspect-ratio:3.391044776119403;width:339px;height:auto\"\/><\/figure>\n\n\n\n<h3 class=\"wp-block-heading\"><strong>Sustainable Development Studies Network<\/strong><\/h3>\n\n\n\n<p class=\"wp-block-paragraph\">SDSN \u00e8 un\u2019organizzazione di Ricerca e Sviluppo focalizzata sulla promozione della sostenibilit\u00e0 ambientale per generare cambiamenti positivi a livello locale, nazionale, regionale e globale. SDSN ritiene che i pilastri dell\u2019Economia Circolare, Educazione, Digitalizzazione, Sviluppo e Razionalizzazione Economica, uniti a soluzioni sostenibili e innovative, possano affrontare problemi climatici sistemici e portare a soluzioni creative che influenzano il tessuto sociale.<\/p>\n\n\n\n<p class=\"wp-block-paragraph\">SDSN collabora con governi, agenzie locali, enti non profit, aziende e istituzioni educative per affrontare sfide sociali, economiche ed educative attraverso ricerca basata su evidenze e soluzioni adattate agli ecosistemi locali.<\/p>\n\n\n\n<p class=\"wp-block-paragraph\"><a href=\"https:\/\/sdsnetwork.org\/\">https:\/\/sdsnetwork.org\/<\/a><\/p>\n\n\n\n<figure class=\"wp-block-image is-resized\"><img loading=\"lazy\" decoding=\"async\" width=\"118\" height=\"79\" src=\"https:\/\/www.agrivoltages.eu\/wp-content\/uploads\/2025\/10\/cnr_alfa.png\" alt=\"\" class=\"wp-image-177\" style=\"aspect-ratio:1.493729679516953;width:227px;height:auto\"\/><\/figure>\n\n\n\n<h3 class=\"wp-block-heading\"><strong>Consiglio Nazionale delle Ricerche (CNR)<\/strong><\/h3>\n\n\n\n<p class=\"wp-block-paragraph\">Il CNR \u00e8 il pi\u00f9 grande ente pubblico di ricerca in Italia, unico sotto il Ministero della Ricerca a svolgere attivit\u00e0 multidisciplinari. Fondato il 18 novembre 1923, il CNR ha la missione di condurre ricerca, promuovere innovazione e competitivit\u00e0 del sistema industriale nazionale, internazionalizzare la ricerca, fornire tecnologie e soluzioni a esigenze emergenti, consigliare il Governo e contribuire alla formazione di risorse umane qualificate.<\/p>\n\n\n\n<p class=\"wp-block-paragraph\">Il CNR conta oltre 8.000 dipendenti, di cui pi\u00f9 della met\u00e0 sono ricercatori e tecnologi. Circa 4.000 giovani ricercatori svolgono studi post-laurea e formazione presso il CNR. Il Dipartimento di Biologia, Agricoltura e Scienze Alimentari (che include l\u2019Istituto per la Bioeconomia) promuove innovazione in agricoltura sostenibile, biotecnologie, sicurezza alimentare e agricoltura di precisione.<\/p>\n\n\n\n<p class=\"wp-block-paragraph\"><a href=\"https:\/\/www.cnr.it\">https:\/\/www.cnr.it<\/a><\/p>\n\n\n\n<figure class=\"wp-block-image is-resized\"><img decoding=\"async\" src=\"https:\/\/www.agrivoltages.eu\/wp-content\/uploads\/2025\/10\/gsl_alfa-1.png\" alt=\"\" class=\"wp-image-189\" style=\"aspect-ratio:2.636962510480297;width:338px;height:auto\"\/><\/figure>\n\n\n\n<h3 class=\"wp-block-heading\"><strong><br>Green Solutions Lab<\/strong><\/h3>\n\n\n\n<p class=\"wp-block-paragraph\"><strong>Green Solutions Lab (GSL)<\/strong> \u00e8 un\u2019organizzazione innovativa di ricerca e consulenza dedicata a promuovere la sostenibilit\u00e0 attraverso tecnologie educative all\u2019avanguardia, soluzioni basate sulla ricerca e sviluppo (R&amp;S) e trasformazione digitale.<\/p>\n\n\n\n<p class=\"wp-block-paragraph\">In GSL operiamo all\u2019intersezione tra sostenibilit\u00e0, istruzione e tecnologia, sviluppando analisi basate sull\u2019IA, Realt\u00e0 Estesa (XR), Realt\u00e0 Aumentata (AR) e modelli di apprendimento gamificati per potenziare la formazione e l\u2019educazione digitale. Il nostro obiettivo principale \u00e8 creare soluzioni educative innovative che rafforzino individui e organizzazioni, in particolare nei settori della sostenibilit\u00e0 ambientale, economia circolare, azione per il clima e trasformazione digitale.<\/p>\n\n\n\n<p class=\"wp-block-paragraph\">Una parte fondamentale della nostra missione \u00e8 promuovere l\u2019educazione inclusiva e lo sviluppo sostenibile per i gruppi svantaggiati. Sviluppiamo e implementiamo progetti che rispondono alle esigenze delle comunit\u00e0 rurali, popolazioni emarginate, donne, giovani e persone con disabilit\u00e0, garantendo pari accesso alle opportunit\u00e0 di apprendimento potenziate dalla tecnologia. Attraverso l\u2019educazione digitale immersiva, strumenti di apprendimento gamificati e modelli di formazione supportati dall\u2019IA, colmiamo i divari di competenze, miglioriamo l\u2019occupabilit\u00e0 e rafforziamo le comunit\u00e0 affinch\u00e9 partecipino attivamente all\u2019economia verde.<\/p>\n\n\n\n<p class=\"wp-block-paragraph\">GSL \u00e8 profondamente coinvolta in attivit\u00e0 di ricerca e sviluppo, collaborando con universit\u00e0, municipalit\u00e0, istituzioni europee e centri di ricerca per creare soluzioni educative scalabili, orientate alle politiche e integrate con la tecnologia. Il nostro lavoro copre settori come agricoltura sostenibile, alfabetizzazione digitale, energia pulita e innovazione sociale, utilizzando IA, XR e tecnologie digital twin per supportare l\u2019apprendimento permanente e lo sviluppo della forza lavoro nelle industrie verdi.<\/p>\n\n\n\n<p class=\"wp-block-paragraph\">Poniamo grande enfasi sul trasferimento di conoscenze e sul potenziamento delle competenze, organizzando programmi di formazione internazionali, piattaforme di apprendimento digitale e workshop interattivi che dotano professionisti, educatori e giovani innovatori delle competenze necessarie per il futuro. I nostri servizi di consulenza aiutano le organizzazioni a implementare modelli decisionali basati sull\u2019IA, strategie di educazione digitale inclusiva e curricula orientati alla sostenibilit\u00e0, garantendo un impatto duraturo.<\/p>\n\n\n\n<p class=\"wp-block-paragraph\">GSL ha costruito una solida rete di partner in Europa e a livello internazionale, collaborando con ONG, istituti di ricerca, aziende private e decisori politici per sviluppare soluzioni educative tecnologiche, socialmente responsabili e sostenibili dal punto di vista ambientale. Le nostre iniziative vengono realizzate attraverso incubazione di progetti, programmi di accelerazione e ricerca interdisciplinare, favorendo la collaborazione tra mondo accademico, industria e societ\u00e0 civile.<\/p>\n\n\n\n<p class=\"wp-block-paragraph\">Attualmente, GSL opera con un team diversificato di esperti, tra cui ricercatori, ingegneri, specialisti di educazione digitale e consulenti per la sostenibilit\u00e0. La nostra rete include consulenti esterni, educatori e partner di progetto che contribuiscono a un ampio spettro di attivit\u00e0 di R&amp;S e capacity building.<\/p>\n\n\n\n<p class=\"wp-block-paragraph\">Al centro di tutti i nostri sforzi c\u2019\u00e8 l\u2019impegno per la trasformazione verde. Che si tratti di educazione digitale, soluzioni basate sull\u2019IA o innovazione sostenibile, i nostri progetti forniscono conoscenze, strumenti e strategie per la transizione verso un futuro a basse emissioni di carbonio, efficiente nell\u2019uso delle risorse e responsabile dal punto di vista ambientale.<\/p>\n\n\n\n<p class=\"wp-block-paragraph\">Attraverso il nostro approccio basato sulla ricerca, l\u2019integrazione tecnologica e l\u2019impegno per l\u2019equit\u00e0 sociale, GSL continua ad ampliare il proprio impatto, garantendo che sostenibilit\u00e0 e innovazione digitale vadano di pari passo. La nostra visione \u00e8 diventare una forza leader nell\u2019educazione potenziata dall\u2019IA, nella sostenibilit\u00e0 e nell\u2019inclusione digitale, guidando un mondo pi\u00f9 intelligente, verde e resiliente.<\/p>\n\n\n\n<p class=\"wp-block-paragraph\"><a href=\"https:\/\/www.gsl.bg\">https:\/\/www.gsl.bg<\/a><\/p>\n\n\n\n<p class=\"wp-block-paragraph\"><\/p>\n","protected":false},"excerpt":{"rendered":"<p>Coordinatore del Progetto MANS \u2013 Accademia Internazionale delle Scienze Applicate di \u0141om\u017ca L\u2019Accademia Internazionale delle Scienze Applicate di \u0141om\u017ca (MANS), fondata nel 1996, \u00e8 un\u2019istituzione di istruzione superiore non statale situata a \u0141om\u017ca, Polonia. MANS offre istruzione e ricerca di alta qualit\u00e0 in settori come Agricoltura, Infermieristica, Sicurezza Interna, Logistica, Costruzioni e Scienza delle Merci. [&hellip;]<\/p>\n","protected":false},"author":3,"featured_media":0,"parent":0,"menu_order":0,"comment_status":"closed","ping_status":"closed","template":"","meta":{"_crdt_document":"","footnotes":""},"class_list":["post-461","page","type-page","status-publish","hentry"],"_links":{"self":[{"href":"https:\/\/www.agrivoltages.eu\/index.php\/wp-json\/wp\/v2\/pages\/461","targetHints":{"allow":["GET"]}}],"collection":[{"href":"https:\/\/www.agrivoltages.eu\/index.php\/wp-json\/wp\/v2\/pages"}],"about":[{"href":"https:\/\/www.agrivoltages.eu\/index.php\/wp-json\/wp\/v2\/types\/page"}],"author":[{"embeddable":true,"href":"https:\/\/www.agrivoltages.eu\/index.php\/wp-json\/wp\/v2\/users\/3"}],"replies":[{"embeddable":true,"href":"https:\/\/www.agrivoltages.eu\/index.php\/wp-json\/wp\/v2\/comments?post=461"}],"version-history":[{"count":7,"href":"https:\/\/www.agrivoltages.eu\/index.php\/wp-json\/wp\/v2\/pages\/461\/revisions"}],"predecessor-version":[{"id":518,"href":"https:\/\/www.agrivoltages.eu\/index.php\/wp-json\/wp\/v2\/pages\/461\/revisions\/518"}],"wp:attachment":[{"href":"https:\/\/www.agrivoltages.eu\/index.php\/wp-json\/wp\/v2\/media?parent=461"}],"curies":[{"name":"wp","href":"https:\/\/api.w.org\/{rel}","templated":true}]}}