{"id":459,"date":"2025-12-15T16:32:15","date_gmt":"2025-12-15T15:32:15","guid":{"rendered":"https:\/\/www.agrivoltages.eu\/?page_id=459"},"modified":"2025-12-23T12:04:45","modified_gmt":"2025-12-23T11:04:45","slug":"om-os","status":"publish","type":"page","link":"https:\/\/www.agrivoltages.eu\/index.php\/da\/om-os\/","title":{"rendered":"Om os"},"content":{"rendered":"\n<p class=\"wp-block-paragraph\">AgriVOLTages-projektet sigter mod at modernisere erhvervsuddannelse inden for det nye omr\u00e5de agrivoltaik, hvor afgr\u00f8deproduktion kombineres med solenergiproduktion. Projektet vil skabe en komplet l\u00e6ringssti, der udstyrer landm\u00e6nd, agronomer og erhvervsuddannelsesinstrukt\u00f8rer med markedsrelevante f\u00e6rdigheder inden for integration af vedvarende energi, energioptimering og klimavenligt landbrug. Projektet vil producere en omfattende agrivoltaisk tr\u00e6ningspakke, 12 fordybende VR-scenarier med praktiske simuleringer, et AI-drevet l\u00e6ringsv\u00e6rkt\u00f8j og et flersproget hybridt l\u00e6ringsnetv\u00e6rk til l\u00f8bende vidensudveksling. Disse resultater vil accelerere indf\u00f8relsen af agrivoltaiske systemer, fremme b\u00e6redygtig f\u00f8devare- og energiproduktion og st\u00f8tte EU&#8217;s gr\u00f8nne pagt og REPowerEU-m\u00e5lene ved at reducere landbrugets CO2-fodaftryk og styrke landdistrikternes energim\u00e6ssige modstandsdygtighed.<\/p>\n","protected":false},"excerpt":{"rendered":"<p>AgriVOLTages-projektet sigter mod at modernisere erhvervsuddannelse inden for det nye omr\u00e5de agrivoltaik, hvor afgr\u00f8deproduktion kombineres med solenergiproduktion. Projektet vil skabe en komplet l\u00e6ringssti, der udstyrer landm\u00e6nd, agronomer og erhvervsuddannelsesinstrukt\u00f8rer med markedsrelevante f\u00e6rdigheder inden for integration af vedvarende energi, energioptimering og klimavenligt landbrug. Projektet vil producere en omfattende agrivoltaisk tr\u00e6ningspakke, 12 fordybende VR-scenarier med praktiske simuleringer, [&hellip;]<\/p>\n","protected":false},"author":3,"featured_media":0,"parent":0,"menu_order":0,"comment_status":"closed","ping_status":"closed","template":"","meta":{"_crdt_document":"","footnotes":""},"class_list":["post-459","page","type-page","status-publish","hentry"],"_links":{"self":[{"href":"https:\/\/www.agrivoltages.eu\/index.php\/wp-json\/wp\/v2\/pages\/459","targetHints":{"allow":["GET"]}}],"collection":[{"href":"https:\/\/www.agrivoltages.eu\/index.php\/wp-json\/wp\/v2\/pages"}],"about":[{"href":"https:\/\/www.agrivoltages.eu\/index.php\/wp-json\/wp\/v2\/types\/page"}],"author":[{"embeddable":true,"href":"https:\/\/www.agrivoltages.eu\/index.php\/wp-json\/wp\/v2\/users\/3"}],"replies":[{"embeddable":true,"href":"https:\/\/www.agrivoltages.eu\/index.php\/wp-json\/wp\/v2\/comments?post=459"}],"version-history":[{"count":2,"href":"https:\/\/www.agrivoltages.eu\/index.php\/wp-json\/wp\/v2\/pages\/459\/revisions"}],"predecessor-version":[{"id":672,"href":"https:\/\/www.agrivoltages.eu\/index.php\/wp-json\/wp\/v2\/pages\/459\/revisions\/672"}],"wp:attachment":[{"href":"https:\/\/www.agrivoltages.eu\/index.php\/wp-json\/wp\/v2\/media?parent=459"}],"curies":[{"name":"wp","href":"https:\/\/api.w.org\/{rel}","templated":true}]}}