{"id":454,"date":"2025-12-15T16:30:33","date_gmt":"2025-12-15T15:30:33","guid":{"rendered":"https:\/\/www.agrivoltages.eu\/?page_id=454"},"modified":"2025-12-23T12:01:09","modified_gmt":"2025-12-23T11:01:09","slug":"o-nas","status":"publish","type":"page","link":"https:\/\/www.agrivoltages.eu\/index.php\/pl\/o-nas\/","title":{"rendered":"O nas"},"content":{"rendered":"\n<p class=\"wp-block-paragraph\">Projekt AgriVOLTages ma na celu unowocze\u015bnienie kszta\u0142cenia i szkolenia zawodowego w rozwijaj\u0105cej si\u0119 dziedzinie agrowoltaiki, gdzie produkcja ro\u015blin jest po\u0142\u0105czona z wytwarzaniem energii s\u0142onecznej. Projekt stworzy pe\u0142n\u0105 \u015bcie\u017ck\u0119 edukacyjn\u0105, kt\u00f3ra wyposa\u017cy rolnik\u00f3w, agronom\u00f3w i trener\u00f3w VET w umiej\u0119tno\u015bci istotne dla rynku w zakresie integracji energii odnawialnej, optymalizacji energii i rolnictwa inteligentnego klimatycznie. Projekt wyprodukuje kompleksowy pakiet szkoleniowy z zakresu agrowoltaiki, 12 immersyjnych scenariuszy VR z praktycznymi symulacjami, narz\u0119dzie do nauki oparte na sztucznej inteligencji oraz wieloj\u0119zyczn\u0105 Hybrydow\u0105 Sie\u0107 Edukacyjn\u0105 do ci\u0105g\u0142ej wymiany wiedzy. Te wyniki przyspiesz\u0105 przyj\u0119cie system\u00f3w agrowoltaicznych, b\u0119d\u0105 wspiera\u0107 zr\u00f3wnowa\u017con\u0105 produkcj\u0119 \u017cywno\u015bci i energii oraz wspiera\u0107 cele Europejskiego Zielonego \u0141adu i REPowerEU poprzez zmniejszenie \u015bladu w\u0119glowego rolnictwa i zwi\u0119kszenie odporno\u015bci energetycznej obszar\u00f3w wiejskich.<\/p>\n","protected":false},"excerpt":{"rendered":"<p>Projekt AgriVOLTages ma na celu unowocze\u015bnienie kszta\u0142cenia i szkolenia zawodowego w rozwijaj\u0105cej si\u0119 dziedzinie agrowoltaiki, gdzie produkcja ro\u015blin jest po\u0142\u0105czona z wytwarzaniem energii s\u0142onecznej. Projekt stworzy pe\u0142n\u0105 \u015bcie\u017ck\u0119 edukacyjn\u0105, kt\u00f3ra wyposa\u017cy rolnik\u00f3w, agronom\u00f3w i trener\u00f3w VET w umiej\u0119tno\u015bci istotne dla rynku w zakresie integracji energii odnawialnej, optymalizacji energii i rolnictwa inteligentnego klimatycznie. Projekt wyprodukuje kompleksowy [&hellip;]<\/p>\n","protected":false},"author":3,"featured_media":0,"parent":0,"menu_order":0,"comment_status":"closed","ping_status":"closed","template":"","meta":{"_crdt_document":"","footnotes":""},"class_list":["post-454","page","type-page","status-publish","hentry"],"_links":{"self":[{"href":"https:\/\/www.agrivoltages.eu\/index.php\/wp-json\/wp\/v2\/pages\/454","targetHints":{"allow":["GET"]}}],"collection":[{"href":"https:\/\/www.agrivoltages.eu\/index.php\/wp-json\/wp\/v2\/pages"}],"about":[{"href":"https:\/\/www.agrivoltages.eu\/index.php\/wp-json\/wp\/v2\/types\/page"}],"author":[{"embeddable":true,"href":"https:\/\/www.agrivoltages.eu\/index.php\/wp-json\/wp\/v2\/users\/3"}],"replies":[{"embeddable":true,"href":"https:\/\/www.agrivoltages.eu\/index.php\/wp-json\/wp\/v2\/comments?post=454"}],"version-history":[{"count":2,"href":"https:\/\/www.agrivoltages.eu\/index.php\/wp-json\/wp\/v2\/pages\/454\/revisions"}],"predecessor-version":[{"id":669,"href":"https:\/\/www.agrivoltages.eu\/index.php\/wp-json\/wp\/v2\/pages\/454\/revisions\/669"}],"wp:attachment":[{"href":"https:\/\/www.agrivoltages.eu\/index.php\/wp-json\/wp\/v2\/media?parent=454"}],"curies":[{"name":"wp","href":"https:\/\/api.w.org\/{rel}","templated":true}]}}