{"id":447,"date":"2025-12-15T16:23:45","date_gmt":"2025-12-15T15:23:45","guid":{"rendered":"https:\/\/www.agrivoltages.eu\/?page_id=447"},"modified":"2025-12-23T12:03:20","modified_gmt":"2025-12-23T11:03:20","slug":"hakkimizda","status":"publish","type":"page","link":"https:\/\/www.agrivoltages.eu\/index.php\/tr\/hakkimizda\/","title":{"rendered":"Hakk\u0131m\u0131zda"},"content":{"rendered":"\n<p class=\"wp-block-paragraph\">AgriVOLTages projesi, mahsul \u00fcretiminin g\u00fcne\u015f enerjisi \u00fcretimiyle birle\u015ftirildi\u011fi yeni geli\u015fen agrivoltaik alan\u0131nda mesleki e\u011fitim ve \u00f6\u011fretimi modernize etmeyi ama\u00e7lamaktad\u0131r. Proje, \u00e7ift\u00e7ilere, agronomlara ve MEB e\u011fitmenlerine yenilenebilir enerji entegrasyonu, enerji optimizasyonu ve iklim-ak\u0131ll\u0131 tar\u0131mda piyasayla ilgili beceriler kazand\u0131ran tam bir \u00f6\u011frenme yolu olu\u015fturacakt\u0131r. Proje, kapsaml\u0131 bir agrivoltaik e\u011fitim paketi, uygulamal\u0131 sim\u00fclasyonlarla 12 s\u00fcr\u00fckleyici VR senaryosu, yapay zeka destekli bir \u00f6\u011frenme yard\u0131mc\u0131s\u0131 ve s\u00fcrekli bilgi al\u0131\u015fveri\u015fi i\u00e7in \u00e7ok dilli bir Hibrit \u00d6\u011frenme A\u011f\u0131 \u00fcretecektir. Bu sonu\u00e7lar, agrivoltaik sistemlerin benimsenmesini h\u0131zland\u0131racak, s\u00fcrd\u00fcr\u00fclebilir g\u0131da ve enerji \u00fcretimini te\u015fvik edecek ve tar\u0131m\u0131n karbon ayak izini azaltarak ve k\u0131rsal enerji dayan\u0131kl\u0131l\u0131\u011f\u0131n\u0131 art\u0131rarak AB Ye\u015fil Mutabakat\u0131 ve REPowerEU hedeflerini destekleyecektir.<\/p>\n","protected":false},"excerpt":{"rendered":"<p>AgriVOLTages projesi, mahsul \u00fcretiminin g\u00fcne\u015f enerjisi \u00fcretimiyle birle\u015ftirildi\u011fi yeni geli\u015fen agrivoltaik alan\u0131nda mesleki e\u011fitim ve \u00f6\u011fretimi modernize etmeyi ama\u00e7lamaktad\u0131r. Proje, \u00e7ift\u00e7ilere, agronomlara ve MEB e\u011fitmenlerine yenilenebilir enerji entegrasyonu, enerji optimizasyonu ve iklim-ak\u0131ll\u0131 tar\u0131mda piyasayla ilgili beceriler kazand\u0131ran tam bir \u00f6\u011frenme yolu olu\u015fturacakt\u0131r. Proje, kapsaml\u0131 bir agrivoltaik e\u011fitim paketi, uygulamal\u0131 sim\u00fclasyonlarla 12 s\u00fcr\u00fckleyici VR senaryosu, yapay [&hellip;]<\/p>\n","protected":false},"author":3,"featured_media":0,"parent":0,"menu_order":0,"comment_status":"closed","ping_status":"closed","template":"","meta":{"_crdt_document":"","footnotes":""},"class_list":["post-447","page","type-page","status-publish","hentry"],"_links":{"self":[{"href":"https:\/\/www.agrivoltages.eu\/index.php\/wp-json\/wp\/v2\/pages\/447","targetHints":{"allow":["GET"]}}],"collection":[{"href":"https:\/\/www.agrivoltages.eu\/index.php\/wp-json\/wp\/v2\/pages"}],"about":[{"href":"https:\/\/www.agrivoltages.eu\/index.php\/wp-json\/wp\/v2\/types\/page"}],"author":[{"embeddable":true,"href":"https:\/\/www.agrivoltages.eu\/index.php\/wp-json\/wp\/v2\/users\/3"}],"replies":[{"embeddable":true,"href":"https:\/\/www.agrivoltages.eu\/index.php\/wp-json\/wp\/v2\/comments?post=447"}],"version-history":[{"count":2,"href":"https:\/\/www.agrivoltages.eu\/index.php\/wp-json\/wp\/v2\/pages\/447\/revisions"}],"predecessor-version":[{"id":670,"href":"https:\/\/www.agrivoltages.eu\/index.php\/wp-json\/wp\/v2\/pages\/447\/revisions\/670"}],"wp:attachment":[{"href":"https:\/\/www.agrivoltages.eu\/index.php\/wp-json\/wp\/v2\/media?parent=447"}],"curies":[{"name":"wp","href":"https:\/\/api.w.org\/{rel}","templated":true}]}}