{"id":345,"date":"2025-12-04T13:58:42","date_gmt":"2025-12-04T12:58:42","guid":{"rendered":"https:\/\/www.agrivoltages.eu\/?page_id=345"},"modified":"2025-12-16T11:46:28","modified_gmt":"2025-12-16T10:46:28","slug":"agrivoltages-da","status":"publish","type":"page","link":"https:\/\/www.agrivoltages.eu\/index.php\/da\/agrivoltages-da\/","title":{"rendered":"AgriVOLTages"},"content":{"rendered":"\n<h4 class=\"wp-block-heading\"><em>Agrivoltaik til b\u00e6redygtigt landbrug og integration af vedvarende energi i erhvervsuddannelse<\/em><\/h4>\n\n\n\n<p class=\"wp-block-paragraph\">AgriVOLTages sigter mod at modernisere erhvervsuddannelse og -tr\u00e6ning i agrivoltaik-sektoren ved at integrere AI-drevet l\u00e6ring, anvendelser af vedvarende energi og klimasmarte landbrugspraksisser.<\/p>\n\n\n\n<h5 class=\"wp-block-heading\"><em>Projektnummer<\/em>: 2025-1-PL01-KA220-VET-000364027<\/h5>\n\n\n\n<h5 class=\"wp-block-heading\"><em>Projektets startdato<\/em>: 01\/10\/2025<\/h5>\n\n\n\n<h5 class=\"wp-block-heading\"><em>Projektets varighed<\/em>: 24 months<\/h5>\n\n\n\n<h5 class=\"wp-block-heading\"><em>Projektets slutdato<\/em>: 30\/09\/2027<\/h5>\n\n\n\n<div style=\"height:13px\" aria-hidden=\"true\" class=\"wp-block-spacer\"><\/div>\n\n\n\n<p class=\"wp-block-paragraph\">AgriVOLTages-projektet vil levere:<\/p>\n\n\n\n<h5 class=\"wp-block-heading\">\u2013 12 agrivoltaik-tr\u00e6ningsmoduler, der simulerer systeminstallation, vedligeholdelse og energioptimering;<\/h5>\n\n\n\n<h5 class=\"wp-block-heading\"><br>\u2013 12 VR-baserede simuleringer;<\/h5>\n\n\n\n<h5 class=\"wp-block-heading\"><br>\u2013 Et AI-drevet beslutningsst\u00f8ttev\u00e6rkt\u00f8j til at hj\u00e6lpe landm\u00e6nd med gennemf\u00f8rlighedsvurderinger og agrivoltaik-adoption;<\/h5>\n\n\n\n<h5 class=\"wp-block-heading\"><br>\u2013 Et hybridt l\u00e6ringsnetv\u00e6rk til interaktiv, flersproget agrivoltaik-tr\u00e6ning og vidensdeling;<\/h5>\n\n\n\n<h5 class=\"wp-block-heading\"><br>\u2013 6 nationale tr\u00e6ningsarrangementer, 7 multiplikatorarrangementer og 1 EU-d\u00e6kkende konference for at fremme sektoromfattende adoption.<\/h5>\n\n\n\n<p class=\"wp-block-paragraph\"><\/p>\n","protected":false},"excerpt":{"rendered":"<p>Agrivoltaik til b\u00e6redygtigt landbrug og integration af vedvarende energi i erhvervsuddannelse AgriVOLTages sigter mod at modernisere erhvervsuddannelse og -tr\u00e6ning i agrivoltaik-sektoren ved at integrere AI-drevet l\u00e6ring, anvendelser af vedvarende energi og klimasmarte landbrugspraksisser. Projektnummer: 2025-1-PL01-KA220-VET-000364027 Projektets startdato: 01\/10\/2025 Projektets varighed: 24 months Projektets slutdato: 30\/09\/2027 AgriVOLTages-projektet vil levere: \u2013 12 agrivoltaik-tr\u00e6ningsmoduler, der simulerer systeminstallation, vedligeholdelse [&hellip;]<\/p>\n","protected":false},"author":3,"featured_media":0,"parent":0,"menu_order":0,"comment_status":"closed","ping_status":"closed","template":"","meta":{"_crdt_document":"","footnotes":""},"class_list":["post-345","page","type-page","status-publish","hentry"],"_links":{"self":[{"href":"https:\/\/www.agrivoltages.eu\/index.php\/wp-json\/wp\/v2\/pages\/345","targetHints":{"allow":["GET"]}}],"collection":[{"href":"https:\/\/www.agrivoltages.eu\/index.php\/wp-json\/wp\/v2\/pages"}],"about":[{"href":"https:\/\/www.agrivoltages.eu\/index.php\/wp-json\/wp\/v2\/types\/page"}],"author":[{"embeddable":true,"href":"https:\/\/www.agrivoltages.eu\/index.php\/wp-json\/wp\/v2\/users\/3"}],"replies":[{"embeddable":true,"href":"https:\/\/www.agrivoltages.eu\/index.php\/wp-json\/wp\/v2\/comments?post=345"}],"version-history":[{"count":5,"href":"https:\/\/www.agrivoltages.eu\/index.php\/wp-json\/wp\/v2\/pages\/345\/revisions"}],"predecessor-version":[{"id":626,"href":"https:\/\/www.agrivoltages.eu\/index.php\/wp-json\/wp\/v2\/pages\/345\/revisions\/626"}],"wp:attachment":[{"href":"https:\/\/www.agrivoltages.eu\/index.php\/wp-json\/wp\/v2\/media?parent=345"}],"curies":[{"name":"wp","href":"https:\/\/api.w.org\/{rel}","templated":true}]}}