{"id":339,"date":"2025-12-04T13:26:22","date_gmt":"2025-12-04T12:26:22","guid":{"rendered":"https:\/\/www.agrivoltages.eu\/?page_id=339"},"modified":"2025-12-16T11:45:28","modified_gmt":"2025-12-16T10:45:28","slug":"agrivoltages-pl","status":"publish","type":"page","link":"https:\/\/www.agrivoltages.eu\/index.php\/pl\/agrivoltages-pl\/","title":{"rendered":"AgriVOLTages"},"content":{"rendered":"\n<h4 class=\"wp-block-heading has-text-align-left\"><em>Agrowoltaika dla Zr\u00f3wnowa\u017conego Rolnictwa i Integracji Energii Odnawialnej w Kszta\u0142ceniu i Szkoleniu Zawodowym<\/em><\/h4>\n\n\n\n<p class=\"wp-block-paragraph\">AgriVOLTages ma na celu unowocze\u015bnienie kszta\u0142cenia i szkolenia zawodowego w sektorze agrowoltaiki poprzez integracj\u0119 uczenia si\u0119 opartego na sztucznej inteligencji, zastosowa\u0144 energii odnawialnej i praktyk rolniczych uwzgl\u0119dniaj\u0105cych zmiany klimatu.<\/p>\n\n\n\n<h5 class=\"wp-block-heading\"><em>Numer projektu<\/em>: 2025-1-PL01-KA220-VET-000364027<\/h5>\n\n\n\n<h5 class=\"wp-block-heading\"><em>Data rozpocz\u0119cia projektu<\/em>: 01\/10\/2025<\/h5>\n\n\n\n<h5 class=\"wp-block-heading\"><em>Czas trwania projektu<\/em>: 24 months<\/h5>\n\n\n\n<h5 class=\"wp-block-heading\"><em>Data zako\u0144czenia projektu<\/em>: 30\/09\/2027<\/h5>\n\n\n\n<div style=\"height:13px\" aria-hidden=\"true\" class=\"wp-block-spacer\"><\/div>\n\n\n\n<p class=\"wp-block-paragraph\">Projekt AgriVOLTages zapewni:<\/p>\n\n\n\n<h5 class=\"wp-block-heading\">\u2013 12 modu\u0142\u00f3w szkoleniowych z zakresu agrowoltaiki symuluj\u0105cych instalacj\u0119 systemu, konserwacj\u0119 i optymalizacj\u0119 energii;<\/h5>\n\n\n\n<h5 class=\"wp-block-heading\"><br>\u2013 12 symulacji opartych na wirtualnej rzeczywisto\u015bci;<\/h5>\n\n\n\n<h5 class=\"wp-block-heading\"><br>\u2013 Narz\u0119dzie wspomagania decyzji oparte na sztucznej inteligencji, aby pom\u00f3c rolnikom w ocenach wykonalno\u015bci i przyj\u0119ciu agrowoltaiki;<\/h5>\n\n\n\n<h5 class=\"wp-block-heading\"><br>\u2013 Hybrydow\u0105 Sie\u0107 Uczenia si\u0119 do interaktywnego, wieloj\u0119zycznego szkolenia z zakresu agrowoltaiki i wymiany wiedzy;<\/h5>\n\n\n\n<h5 class=\"wp-block-heading\"><br>\u2013 6 krajowych wydarze\u0144 szkoleniowych, 7 wydarze\u0144 mno\u017cnikowych i 1 konferencj\u0119 og\u00f3lnounijn\u0105 w celu promowania wdro\u017cenia w ca\u0142ym sektorze.<\/h5>\n\n\n\n<p class=\"wp-block-paragraph\"><\/p>\n","protected":false},"excerpt":{"rendered":"<p>Agrowoltaika dla Zr\u00f3wnowa\u017conego Rolnictwa i Integracji Energii Odnawialnej w Kszta\u0142ceniu i Szkoleniu Zawodowym AgriVOLTages ma na celu unowocze\u015bnienie kszta\u0142cenia i szkolenia zawodowego w sektorze agrowoltaiki poprzez integracj\u0119 uczenia si\u0119 opartego na sztucznej inteligencji, zastosowa\u0144 energii odnawialnej i praktyk rolniczych uwzgl\u0119dniaj\u0105cych zmiany klimatu. Numer projektu: 2025-1-PL01-KA220-VET-000364027 Data rozpocz\u0119cia projektu: 01\/10\/2025 Czas trwania projektu: 24 months Data [&hellip;]<\/p>\n","protected":false},"author":3,"featured_media":0,"parent":0,"menu_order":0,"comment_status":"closed","ping_status":"closed","template":"","meta":{"_crdt_document":"","footnotes":""},"class_list":["post-339","page","type-page","status-publish","hentry"],"_links":{"self":[{"href":"https:\/\/www.agrivoltages.eu\/index.php\/wp-json\/wp\/v2\/pages\/339","targetHints":{"allow":["GET"]}}],"collection":[{"href":"https:\/\/www.agrivoltages.eu\/index.php\/wp-json\/wp\/v2\/pages"}],"about":[{"href":"https:\/\/www.agrivoltages.eu\/index.php\/wp-json\/wp\/v2\/types\/page"}],"author":[{"embeddable":true,"href":"https:\/\/www.agrivoltages.eu\/index.php\/wp-json\/wp\/v2\/users\/3"}],"replies":[{"embeddable":true,"href":"https:\/\/www.agrivoltages.eu\/index.php\/wp-json\/wp\/v2\/comments?post=339"}],"version-history":[{"count":4,"href":"https:\/\/www.agrivoltages.eu\/index.php\/wp-json\/wp\/v2\/pages\/339\/revisions"}],"predecessor-version":[{"id":589,"href":"https:\/\/www.agrivoltages.eu\/index.php\/wp-json\/wp\/v2\/pages\/339\/revisions\/589"}],"wp:attachment":[{"href":"https:\/\/www.agrivoltages.eu\/index.php\/wp-json\/wp\/v2\/media?parent=339"}],"curies":[{"name":"wp","href":"https:\/\/api.w.org\/{rel}","templated":true}]}}